{"id":14946,"date":"2024-05-21T11:58:17","date_gmt":"2024-05-21T09:58:17","guid":{"rendered":"https:\/\/piyola.shop\/?post_type=product&#038;p=14946"},"modified":"2024-05-21T11:58:17","modified_gmt":"2024-05-21T09:58:17","slug":"bronxozan-yotal-otkir-pastillar-20-dona","status":"publish","type":"product","link":"https:\/\/piyola.shop\/uz\/mahsulot\/bronxozan-yotal-otkir-pastillar-20-dona\/","title":{"rendered":"Bronxozan yo&#8217;tal o&#8217;tkir pastillar, 20 dona"},"content":{"rendered":"<p>Yuqori nafas yo&#8217;llarining tirnash xususiyati yo&#8217;qotish<br \/>\nHimoya qiling va tiklang<br \/>\nMarshmallow + asal + evkalipt tufayli tabiiy ravishda ishlang<br \/>\nO&#8217;tkir, quruq sovuq yo&#8217;tal uchun darhol yordam<br \/>\nBarcha turdagi tomoq va tomoq tirnash xususiyati uchun<br \/>\nTetesept Bronchosan\u00ae Cough Acute pastillari quruq sovuq yo&#8217;tal va barcha turdagi tomoq va tomoq tirnash xususiyati uchun samarali. Ular zudlik bilan yuqori nafas yo&#8217;llarining tirnash xususiyati yo&#8217;qotadi va tomoq va tomoqdagi tirnash xususiyati beruvchi shilliq pardalarni samarali ravishda yumshatadi.<\/p>\n<p>Ingredients: Eibischextrakt, Eukalyptus\u00f6l, Honig- und Kr\u00e4uteraroma, Spitzwegerich- und Thymianextrakt, Menthol, Zitronens\u00e4ure, Sucralose, Propylenglycol, Maltitol, Isomaltitol, Sorbitol, Sojalecithin, Glycerin, Wasser.<\/p>\n<p>Tarkibi: zefir ekstrakti, evkalipt yog&#8217;i, asal va o&#8217;simlik aromati, qovurg&#8217;ali chinor va kekik ekstrakti, mentol, limon kislotasi, sukraloza, propilen glikol, maltitol, izomaltitol, sorbitol, soya lesitini, glitserin, suv.<\/p>","protected":false},"excerpt":{"rendered":"<p>Yuqori nafas yo&#8217;llarining tirnash xususiyati yo&#8217;qotish Himoya qiling va tiklang&hellip;<\/p>\n<p> <a class=\"more-link\" href=\"https:\/\/piyola.shop\/uz\/mahsulot\/bronxozan-yotal-otkir-pastillar-20-dona\/\">Ko&#039;proq o&#039;qish<\/a><\/p>","protected":false},"featured_media":0,"comment_status":"open","ping_status":"closed","template":"","meta":{"om_disable_all_campaigns":false},"product_brand":[],"product_cat":[44],"product_tag":[],"class_list":{"0":"post-14946","1":"product","2":"type-product","3":"status-publish","5":"product_cat-kiyimlar-uz-ru-en-uz","7":"first","8":"instock","9":"shipping-taxable","10":"purchasable","11":"product-type-simple"},"aioseo_notices":[],"jetpack_sharing_enabled":true,"builder_content":"","_links":{"self":[{"href":"https:\/\/piyola.shop\/uz\/wp-json\/wp\/v2\/product\/14946","targetHints":{"allow":["GET"]}}],"collection":[{"href":"https:\/\/piyola.shop\/uz\/wp-json\/wp\/v2\/product"}],"about":[{"href":"https:\/\/piyola.shop\/uz\/wp-json\/wp\/v2\/types\/product"}],"replies":[{"embeddable":true,"href":"https:\/\/piyola.shop\/uz\/wp-json\/wp\/v2\/comments?post=14946"}],"wp:attachment":[{"href":"https:\/\/piyola.shop\/uz\/wp-json\/wp\/v2\/media?parent=14946"}],"wp:term":[{"taxonomy":"product_brand","embeddable":true,"href":"https:\/\/piyola.shop\/uz\/wp-json\/wp\/v2\/product_brand?post=14946"},{"taxonomy":"product_cat","embeddable":true,"href":"https:\/\/piyola.shop\/uz\/wp-json\/wp\/v2\/product_cat?post=14946"},{"taxonomy":"product_tag","embeddable":true,"href":"https:\/\/piyola.shop\/uz\/wp-json\/wp\/v2\/product_tag?post=14946"}],"curies":[{"name":"wp","href":"https:\/\/api.w.org\/{rel}","templated":true}]}}