{"id":15014,"date":"2024-05-21T16:36:27","date_gmt":"2024-05-21T14:36:27","guid":{"rendered":"https:\/\/piyola.shop\/?post_type=product&#038;p=15014"},"modified":"2024-05-21T16:36:28","modified_gmt":"2024-05-21T14:36:28","slug":"elektrolitlar-plus-20-dona-120-g","status":"publish","type":"product","link":"https:\/\/piyola.shop\/uz\/mahsulot\/elektrolitlar-plus-20-dona-120-g\/","title":{"rendered":"Elektrolitlar Plus 20 dona, 120 g"},"content":{"rendered":"<p>Suyuqlik muvozanati uchun<br \/>\nBolalar uchun ham mos<br \/>\nApelsin ta&#039;mi bilan<br \/>\nVegan<br \/>\nSanotact Electrolyte Plus paketlari glyukoza va elektrolitlarning optimal tarkibini o&#8217;z ichiga oladi. Ular tanangizdagi suyuqlik muvozanatini ta&#8217;minlash uchun elektrolitlar o&#8217;z ichiga olgan ichimlik tayyorlash uchun ishlatiladi. Jismoniy zo&#8217;riqish va sport mashg&#8217;ulotlari, spirtli ichimliklarni iste&#8217;mol qilish yoki sayohat qilish natijasida yuzaga kelgan ortiqcha terlash tufayli organizm ko&#8217;p miqdorda suyuqlik va unda erigan minerallarni &#8211; elektrolitlar deb ataladigan narsalarni yo&#8217;qotishi mumkin. Suyuqlik va mineral yo&#8217;qotishlarni tezda qoplash ayniqsa muhimdir. Buning uchun glyukoza va elektrolitlarni o&#8217;z ichiga olgan ichimliklar mos keladi, masalan. B. Magniy, natriy va kaliy. Magniy elektrolitlar muvozanatini, normal energiya almashinuvini va mushaklarning normal ishlashini qo&#8217;llab-quvvatlaydi.<\/p>\n<p>4 yoshdan oshgan bolalar, o&#8217;smirlar va kattalar kuniga 2 paketdan ichishadi. Har bir paketni bir stakan suvda (200 ml) eritib yuboring. Tavsiya etilgan sutkalik dozadan oshib ketmaslik kerak. Diyetik qo&#8217;shimchalar muvozanatli va xilma-xil ovqatlanish yoki sog&#8217;lom turmush tarzi o&#8217;rnini bosa olmaydi. Kichik bolalar qo&#8217;li etmaydigan joyda saqlang.<\/p>\n<p>Tarkibi: dekstroza, magniy sitrat, natriy xlorid, natriy sitrat, kislotalashtiruvchi limon kislotasi, kaliy xlorid, lazzat, tatland\u0131r\u0131c\u0131 natriy siklamat, tatland\u0131r\u0131c\u0131 natriy saxarin.<\/p>\n<p>Kichik bolalar qo&#8217;li etmaydigan joyda saqlang. 25 \u00b0 C dan past haroratda, quruq va yorug&#8217;likdan himoyalangan joyda saqlang.<\/p>","protected":false},"excerpt":{"rendered":"<p>Suyuqlik muvozanati uchun Bolalar uchun ham mos Apelsin ta&#8217;mi bilan&hellip;<\/p>\n<p> <a class=\"more-link\" href=\"https:\/\/piyola.shop\/uz\/mahsulot\/elektrolitlar-plus-20-dona-120-g\/\">Ko&#039;proq o&#039;qish<\/a><\/p>","protected":false},"featured_media":15015,"comment_status":"open","ping_status":"closed","template":"","meta":{"om_disable_all_campaigns":false},"product_brand":[],"product_cat":[219,131],"product_tag":[],"class_list":{"0":"post-15014","1":"product","2":"type-product","3":"status-publish","4":"has-post-thumbnail","6":"product_cat-minerallar","7":"product_cat-vitaminlar","9":"first","10":"instock","11":"shipping-taxable","12":"purchasable","13":"product-type-simple"},"aioseo_notices":[],"jetpack_sharing_enabled":true,"builder_content":"","_links":{"self":[{"href":"https:\/\/piyola.shop\/uz\/wp-json\/wp\/v2\/product\/15014","targetHints":{"allow":["GET"]}}],"collection":[{"href":"https:\/\/piyola.shop\/uz\/wp-json\/wp\/v2\/product"}],"about":[{"href":"https:\/\/piyola.shop\/uz\/wp-json\/wp\/v2\/types\/product"}],"replies":[{"embeddable":true,"href":"https:\/\/piyola.shop\/uz\/wp-json\/wp\/v2\/comments?post=15014"}],"wp:featuredmedia":[{"embeddable":true,"href":"https:\/\/piyola.shop\/uz\/wp-json\/wp\/v2\/media\/15015"}],"wp:attachment":[{"href":"https:\/\/piyola.shop\/uz\/wp-json\/wp\/v2\/media?parent=15014"}],"wp:term":[{"taxonomy":"product_brand","embeddable":true,"href":"https:\/\/piyola.shop\/uz\/wp-json\/wp\/v2\/product_brand?post=15014"},{"taxonomy":"product_cat","embeddable":true,"href":"https:\/\/piyola.shop\/uz\/wp-json\/wp\/v2\/product_cat?post=15014"},{"taxonomy":"product_tag","embeddable":true,"href":"https:\/\/piyola.shop\/uz\/wp-json\/wp\/v2\/product_tag?post=15014"}],"curies":[{"name":"wp","href":"https:\/\/api.w.org\/{rel}","templated":true}]}}