{"id":15026,"date":"2024-05-21T16:43:20","date_gmt":"2024-05-21T14:43:20","guid":{"rendered":"https:\/\/piyola.shop\/?post_type=product&#038;p=15026"},"modified":"2024-05-21T16:43:20","modified_gmt":"2024-05-21T14:43:20","slug":"temir-foliy-kislotasi-vitamin-c-togridan-togri-granulalar-20-dona-22-g","status":"publish","type":"product","link":"https:\/\/piyola.shop\/uz\/mahsulot\/temir-foliy-kislotasi-vitamin-c-togridan-togri-granulalar-20-dona-22-g\/","title":{"rendered":"Temir + foliy kislotasi + vitamin C to&#8217;g&#8217;ridan-to&#8217;g&#8217;ri granulalar (20 dona), 22 g"},"content":{"rendered":"<p>Farzandli bo&#8217;lishni istasangiz va homilador bo&#8217;lsangiz, foliy kislotasi bilan<br \/>\nYANGI: 400 mkg foliy kislotasi<br \/>\nQon hosil bo&#8217;lishi va charchoqni kamaytirish uchun<br \/>\nS vitamini temirning so&#8217;rilishini oshiradi<br \/>\nIshda, kundalik hayotda yoki sportda odatiy potentsialdan foydalanish uchun siz muvozanatli ovqatlanishingiz va temirning yaxshi zaxirasiga ega bo&#8217;lishingiz kerak. To&#8217;g&#8217;ridan-to&#8217;g&#8217;ri granulalar sifatida taksofit temir + foliy kislotasi bilan dietangizni temir va foliy kislotasi bilan osongina va tez to&#8217;ldirishingiz mumkin. Agar siz farzand ko&#8217;rishni xohlasangiz yoki homilador bo&#8217;lsangiz, foliy kislotasi tarkibi qo&#8217;shimcha qabul qilish tavsiyasiga mos keladi.<\/p>\n<p>Ovqat bilan har kuni 1 paketni oling. To&#8217;g&#8217;ridan-to&#8217;g&#8217;ri suyuqliksiz oling.<\/p>\n<p>Tarkibi: tatland\u0131r\u0131c\u0131lar (sorbitol, ksilitol), L-askorbin kislotasi (vitamin C), temir III pirofosfat, limon kislotasining magniy tuzlari, kislotalilik regulyatori natriy sitrat, bo&#8217;yoq lavlagi kukuni, yog&#8217; kislotalarining magniy tuzlari, tatland\u0131r\u0131c\u0131lar ( aspartam, asesulfam K), pteroilmonoglutamik kislota (foliy kislotasi), lazzat.<\/p>\n<p>Kislota regulyatorini o&#8217;z ichiga oladi<br \/>\nChiqaruvchi moddalarni o&#8217;z ichiga oladi<br \/>\nTarkibida tatland\u0131r\u0131c\u0131lar mavjud<br \/>\nXushbo&#8217;y hidlar<br \/>\nhaddan tashqari iste&#8217;mol qilinsa, laksatif ta&#8217;sir ko&#8217;rsatishi mumkin<br \/>\nfenilalaninni o&#8217;z ichiga oladi<br \/>\ntatland\u0131r\u0131c\u0131lar bilan<br \/>\nNatriy sitratlarini o&#8217;z ichiga oladi<br \/>\nTarkibida sorbitol mavjud<br \/>\nYog &#8216;kislotalarining magniy tuzlarini o&#8217;z ichiga oladi<br \/>\nTarkibida asesulfam K<br \/>\nAspartamni o&#8217;z ichiga oladi<br \/>\nKsilitolni o&#8217;z ichiga oladi<\/p>\n<p>Kundalik doza uchun tarkibi* % NRV**<br \/>\nTemir 14 mg 100%<br \/>\nFolik kislota 400 mkg 200%<br \/>\nVitamin C 80 mg 100%<\/p>","protected":false},"excerpt":{"rendered":"<p>Farzandli bo&#8217;lishni istasangiz va homilador bo&#8217;lsangiz, foliy kislotasi bilan YANGI:&hellip;<\/p>\n<p> <a class=\"more-link\" href=\"https:\/\/piyola.shop\/uz\/mahsulot\/temir-foliy-kislotasi-vitamin-c-togridan-togri-granulalar-20-dona-22-g\/\">Ko&#039;proq o&#039;qish<\/a><\/p>","protected":false},"featured_media":15027,"comment_status":"open","ping_status":"closed","template":"","meta":{"om_disable_all_campaigns":false},"product_brand":[],"product_cat":[219,131],"product_tag":[],"class_list":{"0":"post-15026","1":"product","2":"type-product","3":"status-publish","4":"has-post-thumbnail","6":"product_cat-minerallar","7":"product_cat-vitaminlar","9":"first","10":"instock","11":"shipping-taxable","12":"purchasable","13":"product-type-simple"},"aioseo_notices":[],"jetpack_sharing_enabled":true,"builder_content":"","_links":{"self":[{"href":"https:\/\/piyola.shop\/uz\/wp-json\/wp\/v2\/product\/15026","targetHints":{"allow":["GET"]}}],"collection":[{"href":"https:\/\/piyola.shop\/uz\/wp-json\/wp\/v2\/product"}],"about":[{"href":"https:\/\/piyola.shop\/uz\/wp-json\/wp\/v2\/types\/product"}],"replies":[{"embeddable":true,"href":"https:\/\/piyola.shop\/uz\/wp-json\/wp\/v2\/comments?post=15026"}],"wp:featuredmedia":[{"embeddable":true,"href":"https:\/\/piyola.shop\/uz\/wp-json\/wp\/v2\/media\/15027"}],"wp:attachment":[{"href":"https:\/\/piyola.shop\/uz\/wp-json\/wp\/v2\/media?parent=15026"}],"wp:term":[{"taxonomy":"product_brand","embeddable":true,"href":"https:\/\/piyola.shop\/uz\/wp-json\/wp\/v2\/product_brand?post=15026"},{"taxonomy":"product_cat","embeddable":true,"href":"https:\/\/piyola.shop\/uz\/wp-json\/wp\/v2\/product_cat?post=15026"},{"taxonomy":"product_tag","embeddable":true,"href":"https:\/\/piyola.shop\/uz\/wp-json\/wp\/v2\/product_tag?post=15026"}],"curies":[{"name":"wp","href":"https:\/\/api.w.org\/{rel}","templated":true}]}}