{"id":15030,"date":"2024-05-21T16:48:24","date_gmt":"2024-05-21T14:48:24","guid":{"rendered":"https:\/\/piyola.shop\/?post_type=product&#038;p=15030"},"modified":"2024-05-21T16:48:24","modified_gmt":"2024-05-21T14:48:24","slug":"milti-mineral-efervesan-tabletkalar-20-dona-82-g","status":"publish","type":"product","link":"https:\/\/piyola.shop\/uz\/mahsulot\/milti-mineral-efervesan-tabletkalar-20-dona-82-g\/","title":{"rendered":"Milti Mineral efervesan tabletkalar 20 dona, 82 g"},"content":{"rendered":"<p>kaltsiy va magniy + 6 mikroelement bilan<br \/>\nshakar qo&#039;shilmaydi<br \/>\napelsin-ehtirosli meva ta&#8217;mi bilan<br \/>\nMinerallarga bo&#8217;lgan ehtiyojning ortishi maxsus ovqatlanish odatlaridan yoki muayyan hayotiy vaziyatlarda paydo bo&#8217;lishi mumkin.<\/p>\n<p>Har kuni bir stakan suvda (200 ml) bitta ko&#8217;pikli planshetni eritib yuboring &#8211; u tetiklashtiradi va yoqimli ta&#8217;mga ega. Kundalik iste&#8217;mol miqdori oshib ketmasligi kerak. Sinkni o&#8217;z ichiga olgan boshqa xun takviyelarini qabul qilishdan saqlaning. Xun qo&#8217;shimchalarini turli xil va muvozanatli ovqatlanish yoki sog&#8217;lom turmush tarzi o&#8217;rniga ishlatmaslik kerak. 18 yoshgacha bo&#8217;lgan bolalar va yoshlar uchun mos emas.<\/p>\n<table class=\"t ep v ab b mh mi\" data-designsystem=\"true\">\n<thead>\n<tr>\n<th class=\"t ep v bi mj mk ml mm mn mo mp\">Zusammensetzung<\/th>\n<th class=\"t ep v bi mj mk ml mm mn mo mp\">Pro Tagesdosis*<\/th>\n<th class=\"t ep v bi mj mk ml mm mn mo\">% NRV**<\/th>\n<\/tr>\n<\/thead>\n<tbody>\n<tr>\n<td class=\"t ep v ab mj mk mq mr mp\">Kaltsiy<\/td>\n<td class=\"t ep v ab mj mk mq mr mp\">200 mg<\/td>\n<td class=\"t ep v ab mj mk mq mr\">25 %<\/td>\n<\/tr>\n<tr>\n<td class=\"t ep v ab mj mk mq mr mp\">Chrom<\/td>\n<td class=\"t ep v ab mj mk mq mr mp\">20 mkg<\/td>\n<td class=\"t ep v ab mj mk mq mr\">50 %<\/td>\n<\/tr>\n<tr>\n<td class=\"t ep v ab mj mk mq mr mp\">Kupfer<\/td>\n<td class=\"t ep v ab mj mk mq mr mp\">0,5 mg<\/td>\n<td class=\"t ep v ab mj mk mq mr\">50 %<\/td>\n<\/tr>\n<tr>\n<td class=\"t ep v ab mj mk mq mr mp\">Magniy<\/td>\n<td class=\"t ep v ab mj mk mq mr mp\">94 mg<\/td>\n<td class=\"t ep v ab mj mk mq mr\">25 %<\/td>\n<\/tr>\n<tr>\n<td class=\"t ep v ab mj mk mq mr mp\">Mangan<\/td>\n<td class=\"t ep v ab mj mk mq mr mp\">1 mg<\/td>\n<td class=\"t ep v ab mj mk mq mr\">50 %<\/td>\n<\/tr>\n<tr>\n<td class=\"t ep v ab mj mk mq mr mp\">Molibdan<\/td>\n<td class=\"t ep v ab mj mk mq mr mp\">25 mkg<\/td>\n<td class=\"t ep v ab mj mk mq mr\">50 %<\/td>\n<\/tr>\n<tr>\n<td class=\"t ep v ab mj mk mq mr mp\">Selen<\/td>\n<td class=\"t ep v ab mj mk mq mr mp\">28 \u00b5g<\/td>\n<td class=\"t ep v ab mj mk mq mr\">50 %<\/td>\n<\/tr>\n<tr>\n<td class=\"t ep v ab mj mk mq mr mp\">Sink<\/td>\n<td class=\"t ep v ab mj mk mq mr mp\">5 mg<\/td>\n<td class=\"t ep v ab mj mk mq mr\">50 %<\/td>\n<\/tr>\n<\/tbody>\n<\/table>\n<p>Tarkibi: kislotali limon kislotasi, kislotalilik regulyatori natriy vodorod karbonat, kaltsiy karbonat, magniy karbonat, to&#8217;ldiruvchi sorbitol, lazzatlar, tatland\u0131r\u0131c\u0131lar natriy siklamat va natriy saxarin, maltodekstrin, qizil lavlagi kukuni, rux sitrat, rangli kolavizat, xrompertsit, manganez sulfid III , natriy molibdat, natriy selenit.<\/p>","protected":false},"excerpt":{"rendered":"<p>kaltsiy va magniy + 6 mikroelement bilan shakar qo&#8217;shilmaydi apelsin-ehtirosli&hellip;<\/p>\n<p> <a class=\"more-link\" href=\"https:\/\/piyola.shop\/uz\/mahsulot\/milti-mineral-efervesan-tabletkalar-20-dona-82-g\/\">Ko&#039;proq o&#039;qish<\/a><\/p>","protected":false},"featured_media":15031,"comment_status":"open","ping_status":"closed","template":"","meta":{"om_disable_all_campaigns":false},"product_brand":[],"product_cat":[219,131],"product_tag":[],"class_list":{"0":"post-15030","1":"product","2":"type-product","3":"status-publish","4":"has-post-thumbnail","6":"product_cat-minerallar","7":"product_cat-vitaminlar","9":"first","10":"instock","11":"shipping-taxable","12":"purchasable","13":"product-type-simple"},"aioseo_notices":[],"jetpack_sharing_enabled":true,"builder_content":"","_links":{"self":[{"href":"https:\/\/piyola.shop\/uz\/wp-json\/wp\/v2\/product\/15030","targetHints":{"allow":["GET"]}}],"collection":[{"href":"https:\/\/piyola.shop\/uz\/wp-json\/wp\/v2\/product"}],"about":[{"href":"https:\/\/piyola.shop\/uz\/wp-json\/wp\/v2\/types\/product"}],"replies":[{"embeddable":true,"href":"https:\/\/piyola.shop\/uz\/wp-json\/wp\/v2\/comments?post=15030"}],"wp:featuredmedia":[{"embeddable":true,"href":"https:\/\/piyola.shop\/uz\/wp-json\/wp\/v2\/media\/15031"}],"wp:attachment":[{"href":"https:\/\/piyola.shop\/uz\/wp-json\/wp\/v2\/media?parent=15030"}],"wp:term":[{"taxonomy":"product_brand","embeddable":true,"href":"https:\/\/piyola.shop\/uz\/wp-json\/wp\/v2\/product_brand?post=15030"},{"taxonomy":"product_cat","embeddable":true,"href":"https:\/\/piyola.shop\/uz\/wp-json\/wp\/v2\/product_cat?post=15030"},{"taxonomy":"product_tag","embeddable":true,"href":"https:\/\/piyola.shop\/uz\/wp-json\/wp\/v2\/product_tag?post=15030"}],"curies":[{"name":"wp","href":"https:\/\/api.w.org\/{rel}","templated":true}]}}