{"id":15034,"date":"2024-05-21T16:51:06","date_gmt":"2024-05-21T14:51:06","guid":{"rendered":"https:\/\/piyola.shop\/?post_type=product&#038;p=15034"},"modified":"2024-05-21T16:51:06","modified_gmt":"2024-05-21T14:51:06","slug":"magniy-efervesan-tabletkalari-20-dona-82-g","status":"publish","type":"product","link":"https:\/\/piyola.shop\/uz\/mahsulot\/magniy-efervesan-tabletkalari-20-dona-82-g\/","title":{"rendered":"Magniy efervesan tabletkalari 20 dona, 82 g"},"content":{"rendered":"<p>Mushak va asab faoliyatini qo&#8217;llab-quvvatlaydi<br \/>\nQo&#8217;shimcha shakar yo&#8217;q<br \/>\nLimon ta&#8217;mi<br \/>\nMagniy mushaklarning normal ishlashiga va asab tizimining normal ishlashiga hissa qo&#8217;shadi. Ehtiyojning ortishi maxsus ovqatlanish odatlari, muayyan hayotiy vaziyatlar yoki jismoniy faollikning kuchayishi tufayli yuzaga kelishi mumkin.<\/p>\n<p>Har kuni bir stakan suvda (200 ml) bitta ko&#8217;pikli planshetni eritib yuboring &#8211; u tetiklashtiradi va yoqimli ta&#8217;mga ega. Agar magniyga bo&#8217;lgan ehtiyojingiz ortib borayotgan bo&#8217;lsa, kun davomida ikkita efervesan tabletka oling. Kundalik iste&#8217;mol miqdori oshib ketmasligi kerak. Xun qo&#8217;shimchalarini turli xil va muvozanatli ovqatlanish yoki sog&#8217;lom turmush tarzi o&#8217;rniga ishlatmaslik kerak. Laksatif ta&#8217;sirga ega bo&#8217;lishi mumkin. Agar buyrak funktsiyasi buzilgan bo&#8217;lsa, iste&#8217;mol qilishdan oldin shifokor bilan maslahatlashing kerak. Magniyning boshqa manbalaridan yoki magniy bilan boyitilgan ovqatlardan saqlaning. Ushbu mahsulot bolalar va o&#8217;smirlar uchun mos emas.<\/p>\n<p>Kislotalashtiruvchi limon kislotasi, kislotalilik regulyatori natriy vodorod karbonat, magniy karbonat, tatland\u0131r\u0131c\u0131 sorbitol, makkajo&#8217;xori kraxmal, lazzat, tatland\u0131r\u0131c\u0131 natriy siklamat va natriy saxarin, rangli riboflavin.<\/p>\n<p>Kislotalarni o&#8217;z ichiga oladi<br \/>\nKislota regulyatorini o&#8217;z ichiga oladi<br \/>\nTo&#8217;ldiruvchini o&#8217;z ichiga oladi<br \/>\nBo&#8217;yoqlarni o&#8217;z ichiga oladi<br \/>\nTarkibida tatland\u0131r\u0131c\u0131lar mavjud<br \/>\ntatland\u0131r\u0131c\u0131(lar) bilan<\/p>","protected":false},"excerpt":{"rendered":"<p>Mushak va asab faoliyatini qo&#8217;llab-quvvatlaydi Qo&#8217;shimcha shakar yo&#8217;q Limon ta&#8217;mi&hellip;<\/p>\n<p> <a class=\"more-link\" href=\"https:\/\/piyola.shop\/uz\/mahsulot\/magniy-efervesan-tabletkalari-20-dona-82-g\/\">Ko&#039;proq o&#039;qish<\/a><\/p>","protected":false},"featured_media":15035,"comment_status":"open","ping_status":"closed","template":"","meta":{"om_disable_all_campaigns":false},"product_brand":[],"product_cat":[219,131],"product_tag":[],"class_list":{"0":"post-15034","1":"product","2":"type-product","3":"status-publish","4":"has-post-thumbnail","6":"product_cat-minerallar","7":"product_cat-vitaminlar","9":"first","10":"instock","11":"shipping-taxable","12":"purchasable","13":"product-type-simple"},"aioseo_notices":[],"jetpack_sharing_enabled":true,"builder_content":"","_links":{"self":[{"href":"https:\/\/piyola.shop\/uz\/wp-json\/wp\/v2\/product\/15034","targetHints":{"allow":["GET"]}}],"collection":[{"href":"https:\/\/piyola.shop\/uz\/wp-json\/wp\/v2\/product"}],"about":[{"href":"https:\/\/piyola.shop\/uz\/wp-json\/wp\/v2\/types\/product"}],"replies":[{"embeddable":true,"href":"https:\/\/piyola.shop\/uz\/wp-json\/wp\/v2\/comments?post=15034"}],"wp:featuredmedia":[{"embeddable":true,"href":"https:\/\/piyola.shop\/uz\/wp-json\/wp\/v2\/media\/15035"}],"wp:attachment":[{"href":"https:\/\/piyola.shop\/uz\/wp-json\/wp\/v2\/media?parent=15034"}],"wp:term":[{"taxonomy":"product_brand","embeddable":true,"href":"https:\/\/piyola.shop\/uz\/wp-json\/wp\/v2\/product_brand?post=15034"},{"taxonomy":"product_cat","embeddable":true,"href":"https:\/\/piyola.shop\/uz\/wp-json\/wp\/v2\/product_cat?post=15034"},{"taxonomy":"product_tag","embeddable":true,"href":"https:\/\/piyola.shop\/uz\/wp-json\/wp\/v2\/product_tag?post=15034"}],"curies":[{"name":"wp","href":"https:\/\/api.w.org\/{rel}","templated":true}]}}