{"id":15039,"date":"2024-05-21T17:52:41","date_gmt":"2024-05-21T15:52:41","guid":{"rendered":"https:\/\/piyola.shop\/?post_type=product&#038;p=15039"},"modified":"2024-05-21T17:52:41","modified_gmt":"2024-05-21T15:52:41","slug":"sport-uchun-efervesan-tabletkalar-5-elektrolitlar-mango-ehtiros-mevasi-10-dona-42-g","status":"publish","type":"product","link":"https:\/\/piyola.shop\/uz\/mahsulot\/sport-uchun-efervesan-tabletkalar-5-elektrolitlar-mango-ehtiros-mevasi-10-dona-42-g\/","title":{"rendered":"Sport uchun Efervesan tabletkalar, 5 elektrolitlar, mango ehtiros mevasi (10 dona), 42 g"},"content":{"rendered":"<p>Tanani 5 ta asosiy elektrolitlar bilan ta&#8217;minlaydi<br \/>\n0 shakar, 0 kaloriya<br \/>\nTabiiy aromatlar tufayli tetiklantiruvchi, mevali ta&#8217;m<br \/>\nAspartam va konservantlardan xoli<br \/>\nPOWERBAR\u00ae 5 ELECTROLYTES SPORTS DRINK Mango-Passionfruit 100% tetiklantiruvchi 5 elektrolit va 0 shakardan iborat kaloriyasiz sport ichimlikidir. U tanani 5 ta asosiy elektrolitlar (natriy, xlorid, kaliy, magniy va kaltsiy) bilan ularni ter orqali yo&#8217;qotishingizga mutanosib ravishda ta&#8217;minlaydi. Tabiiy lazzatlar tufayli tetiklantiruvchi, mevali ta&#8217;mga ega va aspartam va konservantlardan xoli.<\/p>\n<p>1 tabletkani taxminan 250 ml suvda eritib yuboring. Diyetik qo&#8217;shimchalar turli xil va muvozanatli ovqatlanish yoki sog&#8217;lom turmush tarzi o&#8217;rnini bosa olmaydi. Tavsiya etilgan sutkalik dozadan oshib ketmaslik kerak.<\/p>\n<p>Zutaten: S\u00e4uerungsmittel (Citronens\u00e4ure), S\u00e4ureregulator (Natriumcarbonate), Feuchthaltemittel (Sorbit), Kaliumchlorid, Inulin, Calciumcarbonat, Natriumchlorid (CH: Kochsalz), nat\u00fcrliche Aromen, Magnesiumhydroxid, St\u00e4rke, Calciumphosphate, S\u00fc\u00dfungsmittel (Sucralose), Maltodextrin, Rote-Bete-Saftpulver, Farbstoff (Lutein).<\/p>","protected":false},"excerpt":{"rendered":"<p>Tanani 5 ta asosiy elektrolitlar bilan ta&#8217;minlaydi 0 shakar, 0&hellip;<\/p>\n<p> <a class=\"more-link\" href=\"https:\/\/piyola.shop\/uz\/mahsulot\/sport-uchun-efervesan-tabletkalar-5-elektrolitlar-mango-ehtiros-mevasi-10-dona-42-g\/\">Ko&#039;proq o&#039;qish<\/a><\/p>","protected":false},"featured_media":15040,"comment_status":"open","ping_status":"closed","template":"","meta":{"om_disable_all_campaigns":false},"product_brand":[],"product_cat":[219,131],"product_tag":[],"class_list":{"0":"post-15039","1":"product","2":"type-product","3":"status-publish","4":"has-post-thumbnail","6":"product_cat-minerallar","7":"product_cat-vitaminlar","9":"first","10":"instock","11":"shipping-taxable","12":"purchasable","13":"product-type-simple"},"aioseo_notices":[],"jetpack_sharing_enabled":true,"builder_content":"","_links":{"self":[{"href":"https:\/\/piyola.shop\/uz\/wp-json\/wp\/v2\/product\/15039","targetHints":{"allow":["GET"]}}],"collection":[{"href":"https:\/\/piyola.shop\/uz\/wp-json\/wp\/v2\/product"}],"about":[{"href":"https:\/\/piyola.shop\/uz\/wp-json\/wp\/v2\/types\/product"}],"replies":[{"embeddable":true,"href":"https:\/\/piyola.shop\/uz\/wp-json\/wp\/v2\/comments?post=15039"}],"wp:featuredmedia":[{"embeddable":true,"href":"https:\/\/piyola.shop\/uz\/wp-json\/wp\/v2\/media\/15040"}],"wp:attachment":[{"href":"https:\/\/piyola.shop\/uz\/wp-json\/wp\/v2\/media?parent=15039"}],"wp:term":[{"taxonomy":"product_brand","embeddable":true,"href":"https:\/\/piyola.shop\/uz\/wp-json\/wp\/v2\/product_brand?post=15039"},{"taxonomy":"product_cat","embeddable":true,"href":"https:\/\/piyola.shop\/uz\/wp-json\/wp\/v2\/product_cat?post=15039"},{"taxonomy":"product_tag","embeddable":true,"href":"https:\/\/piyola.shop\/uz\/wp-json\/wp\/v2\/product_tag?post=15039"}],"curies":[{"name":"wp","href":"https:\/\/api.w.org\/{rel}","templated":true}]}}