{"id":15050,"date":"2024-05-21T18:04:32","date_gmt":"2024-05-21T16:04:32","guid":{"rendered":"https:\/\/piyola.shop\/?post_type=product&#038;p=15050"},"modified":"2024-05-21T18:04:32","modified_gmt":"2024-05-21T16:04:32","slug":"kollagen-5000-suyuqlik-14-ta-tayoq-140-ml","status":"publish","type":"product","link":"https:\/\/piyola.shop\/uz\/mahsulot\/kollagen-5000-suyuqlik-14-ta-tayoq-140-ml\/","title":{"rendered":"Kollagen 5000 Suyuqlik 14 ta tayoq, 140 ml"},"content":{"rendered":"<p>C va D vitaminlari bilan<br \/>\nSuyuqliksiz to&#8217;g&#8217;ridan-to&#8217;g&#8217;ri qabul qilish<br \/>\nShaftoli ta&#8217;mi<br \/>\nDoppelherz Collagen 5000 suyuqligining bir tayoqchasi tarkibida 5000 mg kollagen gidrolizat, 80 mg xondroitin sulfat, shuningdek, D, C va E vitaminlari hamda marganets mikroelementi mavjud. Sog&#8217;lom tayanch-harakat tizimi har qanday yoshdagi hayot sifatining asosiy shartidir. Etarli, yumshoq jismoniy mashqlar va sog&#8217;lom ovqatlanish bunga hissa qo&#8217;shishi mumkin. S vitamini ham xaftaga va suyaklarning normal ishlashi uchun normal kollagen hosil bo&#8217;lishiga yordam beradi.<\/p>\n<p>Tarkibi:<br \/>\nSuv, kollagen gidrolizat, kislotalashtiruvchi sut kislotasi, xondroitin sulfat, kislotalilashtiruvchi limon kislotasi, L-askorbin kislotasi, natriy L-askorbat, marganets glyukonat, lazzat, quyuqlashtiruvchi ksantan saqich, konservant kaliy sorbat, konservant natriy benzoat, DL-tosetferalp. tatland\u0131r\u0131c\u0131 sukraloza, xolekalsiferol<\/p>\n<table class=\"t ep v ab b lr ls\" data-designsystem=\"true\">\n<thead>\n<tr>\n<th class=\"t ep v bi lt lu lv lw lx ly lz\">Zusammensetzung<\/th>\n<th class=\"t ep v bi lt lu lv lw lx ly lz\">Pro Tagesdosis*<\/th>\n<th class=\"t ep v bi lt lu lv lw lx ly\">% NRV**<\/th>\n<\/tr>\n<\/thead>\n<tbody>\n<tr>\n<td class=\"t ep v ab lt lu ma mb lz\">Mangan<\/td>\n<td class=\"t ep v ab lt lu ma mb lz\">2 mg<\/td>\n<td class=\"t ep v ab lt lu ma mb\">100 %<\/td>\n<\/tr>\n<tr>\n<td class=\"t ep v ab lt lu ma mb lz\">S vitamini<\/td>\n<td class=\"t ep v ab lt lu ma mb lz\">12 mg<\/td>\n<td class=\"t ep v ab lt lu ma mb\">15 %<\/td>\n<\/tr>\n<tr>\n<td class=\"t ep v ab lt lu ma mb lz\">D vitamini<\/td>\n<td class=\"t ep v ab lt lu ma mb lz\">20 mkg<\/td>\n<td class=\"t ep v ab lt lu ma mb\">400 %<\/td>\n<\/tr>\n<tr>\n<td class=\"t ep v ab lt lu ma mb lz\">E vitamini<\/td>\n<td class=\"t ep v ab lt lu ma mb lz\">1,8 mg<\/td>\n<td class=\"t ep v ab lt lu ma mb\">15 %<\/td>\n<\/tr>\n<tr>\n<td class=\"t ep v ab lt lu ma mb lz\">Chondroitin Sulfat<\/td>\n<td class=\"t ep v ab lt lu ma mb lz\">80 mg<\/td>\n<td class=\"t ep v ab lt lu ma mb\">****<\/td>\n<\/tr>\n<tr>\n<td class=\"t ep v ab lt lu ma mb lz\">Kollagen-Hydrolysat<\/td>\n<td class=\"t ep v ab lt lu ma mb lz\">5.000 mg<\/td>\n<td class=\"t ep v ab lt lu ma mb\">****<\/td>\n<\/tr>\n<\/tbody>\n<\/table>\n<p>Kislotalarni o&#8217;z ichiga oladi<br \/>\nKonservantlarni o&#8217;z ichiga oladi<br \/>\nTarkibida tatland\u0131r\u0131c\u0131lar mavjud<br \/>\nQalinlashtiruvchi moddalarni o&#8217;z ichiga oladi<br \/>\nAroma \/ tatlar<br \/>\nkonservantlar bilan yoki konservalangan<br \/>\ntatland\u0131r\u0131c\u0131(lar) bilan<br \/>\nKaliy sorbatni o&#8217;z ichiga oladi<br \/>\nNatriy benzoat o&#8217;z ichiga oladi<br \/>\nTarkibida sut kislotasi mavjud<br \/>\nAskorbin kislotasi mavjud<br \/>\nLimon kislotasi mavjud<br \/>\nKsantan saqichini o&#8217;z ichiga oladi<br \/>\nTarkibida sukraloza mavjud<\/p>","protected":false},"excerpt":{"rendered":"<p>C va D vitaminlari bilan Suyuqliksiz to&#8217;g&#8217;ridan-to&#8217;g&#8217;ri qabul qilish Shaftoli&hellip;<\/p>\n<p> <a class=\"more-link\" href=\"https:\/\/piyola.shop\/uz\/mahsulot\/kollagen-5000-suyuqlik-14-ta-tayoq-140-ml\/\">Ko&#039;proq o&#039;qish<\/a><\/p>","protected":false},"featured_media":15051,"comment_status":"open","ping_status":"closed","template":"","meta":{"om_disable_all_campaigns":false},"product_brand":[],"product_cat":[219,131],"product_tag":[],"class_list":{"0":"post-15050","1":"product","2":"type-product","3":"status-publish","4":"has-post-thumbnail","6":"product_cat-minerallar","7":"product_cat-vitaminlar","9":"first","10":"instock","11":"shipping-taxable","12":"purchasable","13":"product-type-simple"},"aioseo_notices":[],"jetpack_sharing_enabled":true,"builder_content":"","_links":{"self":[{"href":"https:\/\/piyola.shop\/uz\/wp-json\/wp\/v2\/product\/15050","targetHints":{"allow":["GET"]}}],"collection":[{"href":"https:\/\/piyola.shop\/uz\/wp-json\/wp\/v2\/product"}],"about":[{"href":"https:\/\/piyola.shop\/uz\/wp-json\/wp\/v2\/types\/product"}],"replies":[{"embeddable":true,"href":"https:\/\/piyola.shop\/uz\/wp-json\/wp\/v2\/comments?post=15050"}],"wp:featuredmedia":[{"embeddable":true,"href":"https:\/\/piyola.shop\/uz\/wp-json\/wp\/v2\/media\/15051"}],"wp:attachment":[{"href":"https:\/\/piyola.shop\/uz\/wp-json\/wp\/v2\/media?parent=15050"}],"wp:term":[{"taxonomy":"product_brand","embeddable":true,"href":"https:\/\/piyola.shop\/uz\/wp-json\/wp\/v2\/product_brand?post=15050"},{"taxonomy":"product_cat","embeddable":true,"href":"https:\/\/piyola.shop\/uz\/wp-json\/wp\/v2\/product_cat?post=15050"},{"taxonomy":"product_tag","embeddable":true,"href":"https:\/\/piyola.shop\/uz\/wp-json\/wp\/v2\/product_tag?post=15050"}],"curies":[{"name":"wp","href":"https:\/\/api.w.org\/{rel}","templated":true}]}}