{"id":15083,"date":"2024-05-21T19:02:11","date_gmt":"2024-05-21T17:02:11","guid":{"rendered":"https:\/\/piyola.shop\/?post_type=product&#038;p=15083"},"modified":"2024-05-21T19:02:12","modified_gmt":"2024-05-21T17:02:12","slug":"kollagen-1000-planshetlar-30-dona-408-g","status":"publish","type":"product","link":"https:\/\/piyola.shop\/uz\/mahsulot\/kollagen-1000-planshetlar-30-dona-408-g\/","title":{"rendered":"Kollagen 1000, planshetlar 30 dona, 40,8 g"},"content":{"rendered":"<p>S vitamini normal kollagen hosil bo&#8217;lishiga yordam beradi<br \/>\nOddiy teri pigmentatsiyasiga hissa sifatida mis<br \/>\nOddiy biriktiruvchi to&#8217;qimalarning shakllanishiga hissa sifatida mis<br \/>\nShuningdek, tarkibida Q10 koenzimi mavjud<br \/>\nDoppelherz faol kollagen 1000 tabiiy go&#8217;zallikni ichkaridan qo&#8217;llab-quvvatlashga yordam beradi.<br \/>\nBiz qarigan sari terimiz ingichka bo&#8217;lib qoladi. Bu teridagi kollagen miqdori kamayganida va terining elastikligi pasayganda sodir bo&#8217;ladi. Kollagen teridagi muhim tarkibiy oqsil bo&#8217;lib, asosan biriktiruvchi to&#8217;qimada joylashgan. Koenzim Q10 butun tanada mavjud. Q10 ning muhim qismi mitoxondriya deb ataladigan &#8220;hujayra elektr stantsiyalarida&#8221; saqlanadi.<\/p>\n<p>Har kuni 1 tabletkadan etarli miqdorda suyuqlik bilan ovqatlaning.<\/p>\n<p>Zutaten: Kollagenhydrolysat (Rind), F\u00fcllstoff Dicalciumphosphat, Vitamin C, Trennmittel vernetzte Carboxymethylcellulose, \u00dcberzugsmittel Hydroxypropylmethylcellulose, Trennmittel Magnesiumsalze der Speisefetts\u00e4uren, Trennmittel Siliciumdioxid, St\u00e4rke, Coenzym Q10, Trennmittel Talkum, F\u00fcllstoff mikrokristalline Cellulose, Feuchthaltemittel Glycerin, Mangansulfat, Farbstoff Eisenoxide und Eisenhydroxide, Kupfersulfat, Biotin<\/p>\n<table class=\"t ep v ab b lc ld\" data-designsystem=\"true\">\n<thead>\n<tr>\n<th class=\"t ep v bi le lf lg lh li lj lk\">Zusammensetzung<\/th>\n<th class=\"t ep v bi le lf lg lh li lj lk\">Pro Tagesdosis*<\/th>\n<th class=\"t ep v bi le lf lg lh li lj\">% NRV**<\/th>\n<\/tr>\n<\/thead>\n<tbody>\n<tr>\n<td class=\"t ep v ab le lf ll lm lk\">Biotin<\/td>\n<td class=\"t ep v ab le lf ll lm lk\">500 \u00b5g<\/td>\n<td class=\"t ep v ab le lf ll lm\">1.000 %<\/td>\n<\/tr>\n<tr>\n<td class=\"t ep v ab le lf ll lm lk\">Kupfer<\/td>\n<td class=\"t ep v ab le lf ll lm lk\">0,3 mg<\/td>\n<td class=\"t ep v ab le lf ll lm\">30 %<\/td>\n<\/tr>\n<tr>\n<td class=\"t ep v ab le lf ll lm lk\">Mangan<\/td>\n<td class=\"t ep v ab le lf ll lm lk\">0,5 mg<\/td>\n<td class=\"t ep v ab le lf ll lm\">25 %<\/td>\n<\/tr>\n<tr>\n<td class=\"t ep v ab le lf ll lm lk\">S vitamini<\/td>\n<td class=\"t ep v ab le lf ll lm lk\">40 mg<\/td>\n<td class=\"t ep v ab le lf ll lm\">50 %<\/td>\n<\/tr>\n<tr>\n<td class=\"t ep v ab le lf ll lm lk\">Coenzyme Q10<\/td>\n<td class=\"t ep v ab le lf ll lm lk\">5 mg<\/td>\n<td class=\"t ep v ab le lf ll lm\">****<\/td>\n<\/tr>\n<tr>\n<td class=\"t ep v ab le lf ll lm lk\">Kollagen-Hydrolysat<\/td>\n<td class=\"t ep v ab le lf ll lm lk\">1.000 mg<\/td>\n<td class=\"t ep v ab le lf ll lm\">****<\/td>\n<\/tr>\n<\/tbody>\n<\/table>\n<p>Enth\u00e4lt Trennmittel Enth\u00e4lt F\u00fcllstoff Enth\u00e4lt Farbstoffe Enth\u00e4lt \u00dcberzugsmittel Enth\u00e4lt Feuchthaltemittel mit Farbstoff Enth\u00e4lt Eisenoxide und Eisenhydroxide Enth\u00e4lt Dicalciumphosphat Enth\u00e4lt Glycerin Enth\u00e4lt Mikrokristalline Cellulose Enth\u00e4lt Hydroxypropylcellulose Enth\u00e4lt Vernetzte Carboxymethylcellulose (modifizierter Cellulosegummi) Enth\u00e4lt Magnesiumsalze der Speisefetts\u00e4uren Enth\u00e4lt Siliciumdioxid Enth\u00e4lt Talk<\/p>","protected":false},"excerpt":{"rendered":"<p>S vitamini normal kollagen hosil bo&#8217;lishiga yordam beradi Oddiy teri&hellip;<\/p>\n<p> <a class=\"more-link\" href=\"https:\/\/piyola.shop\/uz\/mahsulot\/kollagen-1000-planshetlar-30-dona-408-g\/\">Ko&#039;proq o&#039;qish<\/a><\/p>","protected":false},"featured_media":15084,"comment_status":"open","ping_status":"closed","template":"","meta":{"om_disable_all_campaigns":false},"product_brand":[],"product_cat":[219,131],"product_tag":[],"class_list":{"0":"post-15083","1":"product","2":"type-product","3":"status-publish","4":"has-post-thumbnail","6":"product_cat-minerallar","7":"product_cat-vitaminlar","9":"first","10":"instock","11":"shipping-taxable","12":"purchasable","13":"product-type-simple"},"aioseo_notices":[],"jetpack_sharing_enabled":true,"builder_content":"","_links":{"self":[{"href":"https:\/\/piyola.shop\/uz\/wp-json\/wp\/v2\/product\/15083","targetHints":{"allow":["GET"]}}],"collection":[{"href":"https:\/\/piyola.shop\/uz\/wp-json\/wp\/v2\/product"}],"about":[{"href":"https:\/\/piyola.shop\/uz\/wp-json\/wp\/v2\/types\/product"}],"replies":[{"embeddable":true,"href":"https:\/\/piyola.shop\/uz\/wp-json\/wp\/v2\/comments?post=15083"}],"wp:featuredmedia":[{"embeddable":true,"href":"https:\/\/piyola.shop\/uz\/wp-json\/wp\/v2\/media\/15084"}],"wp:attachment":[{"href":"https:\/\/piyola.shop\/uz\/wp-json\/wp\/v2\/media?parent=15083"}],"wp:term":[{"taxonomy":"product_brand","embeddable":true,"href":"https:\/\/piyola.shop\/uz\/wp-json\/wp\/v2\/product_brand?post=15083"},{"taxonomy":"product_cat","embeddable":true,"href":"https:\/\/piyola.shop\/uz\/wp-json\/wp\/v2\/product_cat?post=15083"},{"taxonomy":"product_tag","embeddable":true,"href":"https:\/\/piyola.shop\/uz\/wp-json\/wp\/v2\/product_tag?post=15083"}],"curies":[{"name":"wp","href":"https:\/\/api.w.org\/{rel}","templated":true}]}}