{"id":15087,"date":"2024-05-21T19:05:52","date_gmt":"2024-05-21T17:05:52","guid":{"rendered":"https:\/\/piyola.shop\/?post_type=product&#038;p=15087"},"modified":"2024-05-21T19:05:52","modified_gmt":"2024-05-21T17:05:52","slug":"teri-soch-tirnoqlari-30-dona-22-g","status":"publish","type":"product","link":"https:\/\/piyola.shop\/uz\/mahsulot\/teri-soch-tirnoqlari-30-dona-22-g\/","title":{"rendered":"Teri Soch tirnoqlari, 30 dona, 22 g"},"content":{"rendered":"<p>teri, soch va tirnoqlar uchun<br \/>\nkollagen, gialuron kislotasi va Q10 koenzimi bilan<br \/>\nSog&#8217;lom teri, to&#8217;liq sochlar va kuchli tirnoqlar uchun sink<br \/>\n14 ta ozuqaviy elementdan iborat go&#8217;zallik formulasi<br \/>\nSog&#8217;lom teri, to&#8217;liq sochlar va kuchli tirnoqlar tashqi ko&#8217;rinishni tavsiflaydi va hayotiylik, yoshlik va sog&#8217;lom turmush tarzining ko&#8217;rinadigan belgilaridir. Mivolis Skin+Hair+Nails tarkibida kollagen, gialuron kislotasi, Q10 koenzimi va 14 ta muvofiqlashtirilgan oziq moddalardan iborat maxsus formula mavjud. Sink, A vitamini, B2 vitamini, niatsin va biotin terining normal holatini saqlashga yordam beradi. S vitamini terining normal ishlashi uchun normal kollagen hosil bo&#8217;lishiga ham hissa qo&#8217;shadi. Sink va biotin normal sochni saqlashga yordam beradi. Mis, shuningdek, normal soch pigmentatsiyasini saqlashga hissa qo&#8217;shadi va normal biriktiruvchi to&#8217;qimalarni saqlashni qo&#8217;llab-quvvatlaydi. Sink normal tirnoqlarni saqlashga yordam beradi. Vitamin C va E vitaminlari ham hujayralarni oksidlovchi stressdan himoya qilishga yordam beradi. Temir va foliy kislotasi hujayra bo&#8217;linishida rol o&#8217;ynaydi. Ushbu oziq moddalarni muntazam ravishda iste&#8217;mol qilish ichki go&#8217;zallikni barqaror qo&#8217;llab-quvvatlashga yordam beradi.<\/p>\n<p>Har kuni 1 tabletkadan etarli miqdorda suyuqlik bilan oling. Belgilangan tavsiya etilgan iste&#8217;mol miqdori oshib ketmasligi kerak. Xun qo&#8217;shimchalarini turli xil va muvozanatli ovqatlanish yoki sog&#8217;lom turmush tarzi o&#8217;rniga ishlatmaslik kerak. Erkaklar, postmenopozal ayollar va homilador ayollar faqat shifokor bilan maslahatlashganidan keyin temirni qabul qilishlari kerak. Ushbu mahsulot sutkalik dozada 150 mkg biotinni o&#8217;z ichiga oladi. Agar siz laboratoriya tekshiruvidan o&#8217;tayotgan bo&#8217;lsangiz, shifokor yoki laboratoriya xodimlariga biotinni qabul qilayotganingiz yoki yaqinda qabul qilganligingizni aytishingiz kerak, chunki biotin bunday testlar natijalariga ta&#8217;sir qilishi mumkin. Sinkni o&#8217;z ichiga olgan boshqa oziq-ovqat qo&#8217;shimchalarini iste&#8217;mol qilish tavsiya etilmaydi. 18 yoshgacha bo&#8217;lgan bolalar va yoshlar uchun mos emas. Mahsulot tarkibida A vitamini mavjud. Shuning uchun homilador ayollar iste&#8217;mol qilishdan oldin shifokor bilan maslahatlashishlari kerak. A vitamini o&#8217;z ichiga olgan boshqa oziq-ovqat qo&#8217;shimchalarini olishdan saqlaning.<\/p>\n<p>F\u00fcllstoff Calciumcarbonat, L-Ascorbins\u00e4ure (Vitamin C), F\u00fcllstoff Sorbitol, Maltodextrin, KOLLAGENHYDROLYSAT (FISCHE UND DARAUS GEWONNE ERZEUGNISSE), DL-alpha Tocopherylacetat, Nicotinamid, Zinksulfat, \u00dcberzugsmittel Hydroxypropylmethylcellulose, Coenzym Q10, F\u00fcllstoff Hydroxypropylcellulose, ganz geh\u00e4rtetes pflanzliches Fett (Raps), Calcium-D-Pantothenat, Eisenfumarat, Trennmittel Magnesiumsalze der Speisefetts\u00e4uren, Natriumhyaluronat, Pyridoxinhydrochlorid (Vitamin B6), Riboflavin (Vitamin B2), Thiaminmononitrat (Vitamin B1), Kupfersulfat, Farbstoff Eisenoxide und -hydroxide, Retinylacetat (Vitamin A), Pteroylmonoglutamins\u00e4ure (Fols\u00e4ure), D-Biotin,Cyanocobalamin (Vitamin B12).<\/p>\n<table class=\"t ep v ab b lr ls\" data-designsystem=\"true\">\n<thead>\n<tr>\n<th class=\"t ep v bi lt lu lv lw lx ly lz\">Zusammensetzung<\/th>\n<th class=\"t ep v bi lt lu lv lw lx ly lz\">Pro Tagesdosis*<\/th>\n<th class=\"t ep v bi lt lu lv lw lx ly\">% NRV**<\/th>\n<\/tr>\n<\/thead>\n<tbody>\n<tr>\n<td class=\"t ep v ab lt lu ma mb lz\">Biotin<\/td>\n<td class=\"t ep v ab lt lu ma mb lz\">150 mkg<\/td>\n<td class=\"t ep v ab lt lu ma mb\">300 %<\/td>\n<\/tr>\n<tr>\n<td class=\"t ep v ab lt lu ma mb lz\">Eyzen<\/td>\n<td class=\"t ep v ab lt lu ma mb lz\">2,1 mg<\/td>\n<td class=\"t ep v ab lt lu ma mb\">15 %<\/td>\n<\/tr>\n<tr>\n<td class=\"t ep v ab lt lu ma mb lz\">Fols\u00e4ure<\/td>\n<td class=\"t ep v ab lt lu ma mb lz\">200 mkg<\/td>\n<td class=\"t ep v ab lt lu ma mb\">100 %<\/td>\n<\/tr>\n<tr>\n<td class=\"t ep v ab lt lu ma mb lz\">Kupfer<\/td>\n<td class=\"t ep v ab lt lu ma mb lz\">0,3 mg<\/td>\n<td class=\"t ep v ab lt lu ma mb\">30 %<\/td>\n<\/tr>\n<tr>\n<td class=\"t ep v ab lt lu ma mb lz\">Niatsin<\/td>\n<td class=\"t ep v ab lt lu ma mb lz\">16 mg<\/td>\n<td class=\"t ep v ab lt lu ma mb\">100 %<\/td>\n<\/tr>\n<tr>\n<td class=\"t ep v ab lt lu ma mb lz\">Pantotenza<\/td>\n<td class=\"t ep v ab lt lu ma mb lz\">6 mg<\/td>\n<td class=\"t ep v ab lt lu ma mb\">100 %<\/td>\n<\/tr>\n<tr>\n<td class=\"t ep v ab lt lu ma mb lz\">Vitamin B 2, Riboflavin<\/td>\n<td class=\"t ep v ab lt lu ma mb lz\">1,4 mg<\/td>\n<td class=\"t ep v ab lt lu ma mb\">100 %<\/td>\n<\/tr>\n<tr>\n<td class=\"t ep v ab lt lu ma mb lz\">A vitamini<\/td>\n<td class=\"t ep v ab lt lu ma mb lz\">400 mkg<\/td>\n<td class=\"t ep v ab lt lu ma mb\">50 %<\/td>\n<\/tr>\n<tr>\n<td class=\"t ep v ab lt lu ma mb lz\">Vitamin B 1, tiamin<\/td>\n<td class=\"t ep v ab lt lu ma mb lz\">1,1 mg<\/td>\n<td class=\"t ep v ab lt lu ma mb\">100 %<\/td>\n<\/tr>\n<tr>\n<td class=\"t ep v ab lt lu ma mb lz\">Vitamin B 12<\/td>\n<td class=\"t ep v ab lt lu ma mb lz\">2,5 mkg<\/td>\n<td class=\"t ep v ab lt lu ma mb\">100 %<\/td>\n<\/tr>\n<tr>\n<td class=\"t ep v ab lt lu ma mb lz\">Vitamin B 6<\/td>\n<td class=\"t ep v ab lt lu ma mb lz\">1,4 mg<\/td>\n<td class=\"t ep v ab lt lu ma mb\">100 %<\/td>\n<\/tr>\n<tr>\n<td class=\"t ep v ab lt lu ma mb lz\">S vitamini<\/td>\n<td class=\"t ep v ab lt lu ma mb lz\">80 mg<\/td>\n<td class=\"t ep v ab lt lu ma mb\">100 %<\/td>\n<\/tr>\n<tr>\n<td class=\"t ep v ab lt lu ma mb lz\">E vitamini<\/td>\n<td class=\"t ep v ab lt lu ma mb lz\">12 mg<\/td>\n<td class=\"t ep v ab lt lu ma mb\">100 %<\/td>\n<\/tr>\n<tr>\n<td class=\"t ep v ab lt lu ma mb lz\">Sink<\/td>\n<td class=\"t ep v ab lt lu ma mb lz\">5 mg<\/td>\n<td class=\"t ep v ab lt lu ma mb\">50 %<\/td>\n<\/tr>\n<tr>\n<td class=\"t ep v ab lt lu ma mb lz\">Coenzyme Q10<\/td>\n<td class=\"t ep v ab lt lu ma mb lz\">10 mg<\/td>\n<td class=\"t ep v ab lt lu ma mb\">****<\/td>\n<\/tr>\n<tr>\n<td class=\"t ep v ab lt lu ma mb lz\">Kollagen-Hydrolysat<\/td>\n<td class=\"t ep v ab lt lu ma mb lz\">50 mg<\/td>\n<td class=\"t ep v ab lt lu ma mb\">****<\/td>\n<\/tr>\n<tr>\n<td class=\"t ep v ab lt lu ma mb lz\">Hyalurons\u00e4ure<\/td>\n<td class=\"t ep v ab lt lu ma mb lz\">3 mg<\/td>\n<td class=\"t ep v ab lt lu ma mb\">****<\/td>\n<\/tr>\n<\/tbody>\n<\/table>","protected":false},"excerpt":{"rendered":"<p>teri, soch va tirnoqlar uchun kollagen, gialuron kislotasi va Q10&hellip;<\/p>\n<p> <a class=\"more-link\" href=\"https:\/\/piyola.shop\/uz\/mahsulot\/teri-soch-tirnoqlari-30-dona-22-g\/\">Ko&#039;proq o&#039;qish<\/a><\/p>","protected":false},"featured_media":15088,"comment_status":"open","ping_status":"closed","template":"","meta":{"om_disable_all_campaigns":false},"product_brand":[],"product_cat":[219,131],"product_tag":[],"class_list":{"0":"post-15087","1":"product","2":"type-product","3":"status-publish","4":"has-post-thumbnail","6":"product_cat-minerallar","7":"product_cat-vitaminlar","9":"first","10":"instock","11":"shipping-taxable","12":"purchasable","13":"product-type-simple"},"aioseo_notices":[],"jetpack_sharing_enabled":true,"builder_content":"","_links":{"self":[{"href":"https:\/\/piyola.shop\/uz\/wp-json\/wp\/v2\/product\/15087","targetHints":{"allow":["GET"]}}],"collection":[{"href":"https:\/\/piyola.shop\/uz\/wp-json\/wp\/v2\/product"}],"about":[{"href":"https:\/\/piyola.shop\/uz\/wp-json\/wp\/v2\/types\/product"}],"replies":[{"embeddable":true,"href":"https:\/\/piyola.shop\/uz\/wp-json\/wp\/v2\/comments?post=15087"}],"wp:featuredmedia":[{"embeddable":true,"href":"https:\/\/piyola.shop\/uz\/wp-json\/wp\/v2\/media\/15088"}],"wp:attachment":[{"href":"https:\/\/piyola.shop\/uz\/wp-json\/wp\/v2\/media?parent=15087"}],"wp:term":[{"taxonomy":"product_brand","embeddable":true,"href":"https:\/\/piyola.shop\/uz\/wp-json\/wp\/v2\/product_brand?post=15087"},{"taxonomy":"product_cat","embeddable":true,"href":"https:\/\/piyola.shop\/uz\/wp-json\/wp\/v2\/product_cat?post=15087"},{"taxonomy":"product_tag","embeddable":true,"href":"https:\/\/piyola.shop\/uz\/wp-json\/wp\/v2\/product_tag?post=15087"}],"curies":[{"name":"wp","href":"https:\/\/api.w.org\/{rel}","templated":true}]}}