{"id":15092,"date":"2024-05-21T19:08:54","date_gmt":"2024-05-21T17:08:54","guid":{"rendered":"https:\/\/piyola.shop\/?post_type=product&#038;p=15092"},"modified":"2024-05-21T19:08:54","modified_gmt":"2024-05-21T17:08:54","slug":"teri-soch-tirnoqlar-tabletkalari-30-dona-199-g","status":"publish","type":"product","link":"https:\/\/piyola.shop\/uz\/mahsulot\/teri-soch-tirnoqlar-tabletkalari-30-dona-199-g\/","title":{"rendered":"Teri + Soch + Tirnoqlar tabletkalari (30 dona), 19,9 g"},"content":{"rendered":"<p>13 ta ozuqa moddalari bilan<br \/>\nA vitamini, biotin va niatsin terining normal holatini saqlashga yordam beradi<br \/>\nSink normal soch va tirnoqlarni saqlashni qo&#8217;llab-quvvatlaydi<br \/>\nQo&#8217;shimcha ravishda koenzim Q10 va gialuron kislotasi<br \/>\nDoppelherz Teri+Soch+Tirnog\u2018i orqali vitaminlar va minerallarning muntazam ta\u2019minlanishi tabiiy go\u2018zallikni ichkaridan qo\u2018llab-quvvatlashga yordam beradi. Kollagen teridagi tarkibiy oqsil bo&#8217;lib, asosan biriktiruvchi to&#8217;qimada joylashgan.<br \/>\nGialuron kislotasi terida mavjud bo&#8217;lgan tabiiy moddadir va ko&#8217;p miqdorda suvni bog&#8217;lashi mumkin. Koenzim Q10 butun tanada mavjud. Q10 ning muhim qismi mitoxondriya deb ataladigan &#8220;hujayra elektr stantsiyalarida&#8221; saqlanadi.<\/p>\n<p>Zutaten: F\u00fcllstoff mikrokristalline Cellulose, L-Ascorbins\u00e4ure, Kieselerde, hyalurons\u00e4urehaltiges Kollagenhydrolysat, Nicotinamid, DL-alpha-Tocopherylacetat, F\u00fcllstoff Cellulosepulver, F\u00fcllstoff vernetzte Carboxymethylcellulose, Trennmittel Siliciumdioxid, \u00dcberzugsmittel Hydroxypropylmethylcellulose, Calcium-D-pantothenat, Coenzym Q10, Trennmittel Magnesiumsalze der Speisefetts\u00e4uren, Zinkoxid, Trennmittel Magnesiumhydroxidcarbonat, Trennmittel Calciumcarbonat, F\u00fcllstoff Hydroxypropylcellulose, Trennmittel Talkum, \u00dcberzugsmittel Polyethylenglycol, Pyridoxinhydrochlorid, Riboflavin, Thiaminmononitrat, Farbstoff Eisenoxide und Eisenhydroxide, Kupfersulfat, Retinylacetat, D-Biotin, Pteroylmonoglutamins\u00e4ure, Cyanocobalamin<\/p>\n<table class=\"t ep v ab b lr ls\" style=\"height: 447px;\" width=\"315\" data-designsystem=\"true\">\n<thead>\n<tr>\n<th class=\"t ep v bi lt lu lv lw lx ly lz\">Zusammensetzung<\/th>\n<th class=\"t ep v bi lt lu lv lw lx ly lz\">Pro Tagesdosis*<\/th>\n<th class=\"t ep v bi lt lu lv lw lx ly\">% NRV**<\/th>\n<\/tr>\n<\/thead>\n<tbody>\n<tr>\n<td class=\"t ep v ab lt lu ma mb lz\">Biotin<\/td>\n<td class=\"t ep v ab lt lu ma mb lz\">500 \u00b5g<\/td>\n<td class=\"t ep v ab lt lu ma mb\">1.000 %<\/td>\n<\/tr>\n<tr>\n<td class=\"t ep v ab lt lu ma mb lz\">Fols\u00e4ure<\/td>\n<td class=\"t ep v ab lt lu ma mb lz\">200 mkg<\/td>\n<td class=\"t ep v ab lt lu ma mb\">100 %<\/td>\n<\/tr>\n<tr>\n<td class=\"t ep v ab lt lu ma mb lz\">Kupfer<\/td>\n<td class=\"t ep v ab lt lu ma mb lz\">0,3 mg<\/td>\n<td class=\"t ep v ab lt lu ma mb\">30 %<\/td>\n<\/tr>\n<tr>\n<td class=\"t ep v ab lt lu ma mb lz\">Niatsin<\/td>\n<td class=\"t ep v ab lt lu ma mb lz\">18 mg<\/td>\n<td class=\"t ep v ab lt lu ma mb\">113 %<\/td>\n<\/tr>\n<tr>\n<td class=\"t ep v ab lt lu ma mb lz\">Pantotenza<\/td>\n<td class=\"t ep v ab lt lu ma mb lz\">9 mg<\/td>\n<td class=\"t ep v ab lt lu ma mb\">150 %<\/td>\n<\/tr>\n<tr>\n<td class=\"t ep v ab lt lu ma mb lz\">Vitamin B 2, Riboflavin<\/td>\n<td class=\"t ep v ab lt lu ma mb lz\">1,4 mg<\/td>\n<td class=\"t ep v ab lt lu ma mb\">100 %<\/td>\n<\/tr>\n<tr>\n<td class=\"t ep v ab lt lu ma mb lz\">A vitamini<\/td>\n<td class=\"t ep v ab lt lu ma mb lz\">400 mkg<\/td>\n<td class=\"t ep v ab lt lu ma mb\">50 %<\/td>\n<\/tr>\n<tr>\n<td class=\"t ep v ab lt lu ma mb lz\">Vitamin B 1, tiamin<\/td>\n<td class=\"t ep v ab lt lu ma mb lz\">1,1 mg<\/td>\n<td class=\"t ep v ab lt lu ma mb\">100 %<\/td>\n<\/tr>\n<tr>\n<td class=\"t ep v ab lt lu ma mb lz\">Vitamin B 12<\/td>\n<td class=\"t ep v ab lt lu ma mb lz\">2,5 mkg<\/td>\n<td class=\"t ep v ab lt lu ma mb\">100 %<\/td>\n<\/tr>\n<tr>\n<td class=\"t ep v ab lt lu ma mb lz\">Vitamin B 6<\/td>\n<td class=\"t ep v ab lt lu ma mb lz\">1,4 mg<\/td>\n<td class=\"t ep v ab lt lu ma mb\">100 %<\/td>\n<\/tr>\n<tr>\n<td class=\"t ep v ab lt lu ma mb lz\">S vitamini<\/td>\n<td class=\"t ep v ab lt lu ma mb lz\">60 mg<\/td>\n<td class=\"t ep v ab lt lu ma mb\">75 %<\/td>\n<\/tr>\n<tr>\n<td class=\"t ep v ab lt lu ma mb lz\">E vitamini<\/td>\n<td class=\"t ep v ab lt lu ma mb lz\">12 mg<\/td>\n<td class=\"t ep v ab lt lu ma mb\">100 %<\/td>\n<\/tr>\n<tr>\n<td class=\"t ep v ab lt lu ma mb lz\">Sink<\/td>\n<td class=\"t ep v ab lt lu ma mb lz\">5 mg<\/td>\n<td class=\"t ep v ab lt lu ma mb\">50 %<\/td>\n<\/tr>\n<tr>\n<td class=\"t ep v ab lt lu ma mb lz\">Silizium<\/td>\n<td class=\"t ep v ab lt lu ma mb lz\">21 mg<\/td>\n<td class=\"t ep v ab lt lu ma mb\">****<\/td>\n<\/tr>\n<tr>\n<td class=\"t ep v ab lt lu ma mb lz\">Coenzyme Q10<\/td>\n<td class=\"t ep v ab lt lu ma mb lz\">10 mg<\/td>\n<td class=\"t ep v ab lt lu ma mb\">****<\/td>\n<\/tr>\n<tr>\n<td class=\"t ep v ab lt lu ma mb lz\">Kollagen-Hydrolysat<\/td>\n<td class=\"t ep v ab lt lu ma mb lz\">30 mg<\/td>\n<td class=\"t ep v ab lt lu ma mb\">****<\/td>\n<\/tr>\n<tr>\n<td class=\"t ep v ab lt lu ma mb lz\">Kieselerde<\/td>\n<td class=\"t ep v ab lt lu ma mb lz\">50 mg<\/td>\n<td class=\"t ep v ab lt lu ma mb\">****<\/td>\n<\/tr>\n<\/tbody>\n<\/table>\n<p>Enth\u00e4lt Trennmittel Enth\u00e4lt F\u00fcllstoff Enth\u00e4lt Farbstoffe Enth\u00e4lt \u00dcberzugsmittel mit Farbstoff Enth\u00e4lt Riboflavine Enth\u00e4lt Polyethylenglycol Enth\u00e4lt Calciumcarbonat Enth\u00e4lt Eisenoxide und Eisenhydroxide Enth\u00e4lt Ascorbins\u00e4ure Enth\u00e4lt Mikrokristalline Cellulose Enth\u00e4lt Cellulosepulver Enth\u00e4lt Hydroxypropylcellulose Enth\u00e4lt Hydroxypropylmethylcellulose Enth\u00e4lt Vernetzte Carboxymethylcellulose (modifizierter Cellulosegummi) Enth\u00e4lt Magnesiumsalze der Speisefetts\u00e4uren Enth\u00e4lt Magnesiumhydroxidcarbonat Enth\u00e4lt Siliciumdioxid<\/p>","protected":false},"excerpt":{"rendered":"<p>13 ta ozuqa moddalari bilan A vitamini, biotin va niatsin&hellip;<\/p>\n<p> <a class=\"more-link\" href=\"https:\/\/piyola.shop\/uz\/mahsulot\/teri-soch-tirnoqlar-tabletkalari-30-dona-199-g\/\">Ko&#039;proq o&#039;qish<\/a><\/p>","protected":false},"featured_media":15093,"comment_status":"open","ping_status":"closed","template":"","meta":{"om_disable_all_campaigns":false},"product_brand":[],"product_cat":[219,131],"product_tag":[],"class_list":{"0":"post-15092","1":"product","2":"type-product","3":"status-publish","4":"has-post-thumbnail","6":"product_cat-minerallar","7":"product_cat-vitaminlar","9":"first","10":"instock","11":"shipping-taxable","12":"purchasable","13":"product-type-simple"},"aioseo_notices":[],"jetpack_sharing_enabled":true,"builder_content":"","_links":{"self":[{"href":"https:\/\/piyola.shop\/uz\/wp-json\/wp\/v2\/product\/15092","targetHints":{"allow":["GET"]}}],"collection":[{"href":"https:\/\/piyola.shop\/uz\/wp-json\/wp\/v2\/product"}],"about":[{"href":"https:\/\/piyola.shop\/uz\/wp-json\/wp\/v2\/types\/product"}],"replies":[{"embeddable":true,"href":"https:\/\/piyola.shop\/uz\/wp-json\/wp\/v2\/comments?post=15092"}],"wp:featuredmedia":[{"embeddable":true,"href":"https:\/\/piyola.shop\/uz\/wp-json\/wp\/v2\/media\/15093"}],"wp:attachment":[{"href":"https:\/\/piyola.shop\/uz\/wp-json\/wp\/v2\/media?parent=15092"}],"wp:term":[{"taxonomy":"product_brand","embeddable":true,"href":"https:\/\/piyola.shop\/uz\/wp-json\/wp\/v2\/product_brand?post=15092"},{"taxonomy":"product_cat","embeddable":true,"href":"https:\/\/piyola.shop\/uz\/wp-json\/wp\/v2\/product_cat?post=15092"},{"taxonomy":"product_tag","embeddable":true,"href":"https:\/\/piyola.shop\/uz\/wp-json\/wp\/v2\/product_tag?post=15092"}],"curies":[{"name":"wp","href":"https:\/\/api.w.org\/{rel}","templated":true}]}}