{"id":15103,"date":"2024-05-21T19:31:59","date_gmt":"2024-05-21T17:31:59","guid":{"rendered":"https:\/\/piyola.shop\/?post_type=product&#038;p=15103"},"modified":"2024-05-21T19:31:59","modified_gmt":"2024-05-21T17:31:59","slug":"vazn-yoqotish-uchun-parashoklar-21-dona-105-g","status":"publish","type":"product","link":"https:\/\/piyola.shop\/uz\/mahsulot\/vazn-yoqotish-uchun-parashoklar-21-dona-105-g\/","title":{"rendered":"Vazn yo&#8217;qotish uchun parashoklar 21 dona, 105 g"},"content":{"rendered":"<p>Ishtahani bostiruvchi<br \/>\nGlyukomannan bilan<br \/>\nTasdiqlangan vazn yo&#8217;qotish<br \/>\nVegan, glyuten va laktozasiz<br \/>\nSHEKO Distriction GmbH kompaniyasining vazn yo&#8217;qotish davosi glyukomannan bilan ishtahani bostiruvchi vositadir. U vazn yo&#8217;qotish uchun ishlatilishi mumkin. Past kaloriyali dietaning bir qismi sifatida kuniga 3 g glyukomannan 1 g dan 3 dozada ovqatdan oldin 1 -2 stakan suv bilan birgalikda kilogramm halok bo&#8217;lishiga yordam beradi. Shuningdek, u 9 ta vitamin va minerallar bilan boyitilgan.<\/p>\n<p>Bir tayoqning tarkibini 200 ml suvda eritib, ertalab, tushlik va kechqurun ovqatdan oldin iching. Keyin bir stakan suv iching. Yogurtda iste&#8217;mol qilish uchun ham javob beradi. Buning uchun tayoqlarni yogurtga aralashtirib, iste&#8217;mol qilishdan oldin 2-3 daqiqaga qoldiring. Tavsiya etilgan sutkalik dozadan oshib ketmaslik kerak. Yutish muammosi yoki suyuqlikni etarli darajada iste&#8217;mol qilmagan iste&#8217;molchilar uchun bo&#8217;g&#8217;ilish xavfi mavjud. Muhim eslatma: Past kaloriyali dietaning bir qismi sifatida har birida 1 g dan 3 dozada kuniga 3 g glyukomannan tavsiya etiladi.<\/p>\n<p>Zutaten: Morgens: S\u00e4uerungsmittel Citronens\u00e4ure, Dextrin, Konjakwurzel (22 %), S\u00e4ureregulatoren Natriumhydrogencarbonat und Natriumcarbonat, Rote-Bete-Saftpulver, Aromen, S\u00fc\u00dfungsmittel Sucralose und Acesulfam K, Trennmittel Siliciumdioxid, Zinkcitrat, Farbstoff Riboflavin, Cyanocobalamin Mittags: S\u00e4uerungsmittel Citronens\u00e4ure, Konjakwurzel (22 %), Dextrin, S\u00e4ureregulator Natriumhydrogencarbonat, Magnesiumcarbonat, S\u00e4ureregulator Natriumcarbonat, Aromen, Rote-Bete-Saftpulver, L-Ascorbins\u00e4ure, S\u00fc\u00dfungsmittel Sucralose und Acesulfam K, Trennmittel Siliciumdioxid, Eisensulfat, Pyridoxinhydrochlorid, Farbstoff Riboflavin Abends: S\u00e4uerungsmittel Citronens\u00e4ure, Konjakwurzel (22 %), Dextrin, S\u00e4ureregulator Natriumhydrogencarbonat, Magnesiumcarbonat, S\u00e4ureregulator Natriumcarbonat, Rote-Bete-Saftpulver, Aroma, S\u00fc\u00dfungsmittel Sucralose und Acesulfam K, Trennmittel Siliciumdioxid, Kupfergluconat, Farbstoff Riboflavin, Natriumselenat, Biotin<\/p>\n<table class=\"t ep v ab b lr ls\" data-designsystem=\"true\">\n<thead>\n<tr>\n<th class=\"t ep v bi lt lu lv lw lx ly lz\">Zusammensetzung<\/th>\n<th class=\"t ep v bi lt lu lv lw lx ly lz\">Pro Tagesdosis*<\/th>\n<th class=\"t ep v bi lt lu lv lw lx ly\">% NRV**<\/th>\n<\/tr>\n<\/thead>\n<tbody>\n<tr>\n<td class=\"t ep v ab lt lu ma mb lz\">Biotin<\/td>\n<td class=\"t ep v ab lt lu ma mb lz\">7,5 \u00b5g<\/td>\n<td class=\"t ep v ab lt lu ma mb\">15 %<\/td>\n<\/tr>\n<tr>\n<td class=\"t ep v ab lt lu ma mb lz\">Eyzen<\/td>\n<td class=\"t ep v ab lt lu ma mb lz\">2,1 mg<\/td>\n<td class=\"t ep v ab lt lu ma mb\">15 %<\/td>\n<\/tr>\n<tr>\n<td class=\"t ep v ab lt lu ma mb lz\">Kupfer<\/td>\n<td class=\"t ep v ab lt lu ma mb lz\">0,3 mg<\/td>\n<td class=\"t ep v ab lt lu ma mb\">30 %<\/td>\n<\/tr>\n<tr>\n<td class=\"t ep v ab lt lu ma mb lz\">Magniy<\/td>\n<td class=\"t ep v ab lt lu ma mb lz\">56 mg<\/td>\n<td class=\"t ep v ab lt lu ma mb\">15 %<\/td>\n<\/tr>\n<tr>\n<td class=\"t ep v ab lt lu ma mb lz\">Selen<\/td>\n<td class=\"t ep v ab lt lu ma mb lz\">11 \u00b5g<\/td>\n<td class=\"t ep v ab lt lu ma mb\">20 %<\/td>\n<\/tr>\n<tr>\n<td class=\"t ep v ab lt lu ma mb lz\">Vitamin B 12<\/td>\n<td class=\"t ep v ab lt lu ma mb lz\">2,5 mkg<\/td>\n<td class=\"t ep v ab lt lu ma mb\">100 %<\/td>\n<\/tr>\n<tr>\n<td class=\"t ep v ab lt lu ma mb lz\">Vitamin B 6<\/td>\n<td class=\"t ep v ab lt lu ma mb lz\">1,1 g<\/td>\n<td class=\"t ep v ab lt lu ma mb\">80 %<\/td>\n<\/tr>\n<tr>\n<td class=\"t ep v ab lt lu ma mb lz\">S vitamini<\/td>\n<td class=\"t ep v ab lt lu ma mb lz\">24 mg<\/td>\n<td class=\"t ep v ab lt lu ma mb\">30 %<\/td>\n<\/tr>\n<tr>\n<td class=\"t ep v ab lt lu ma mb lz\">Sink<\/td>\n<td class=\"t ep v ab lt lu ma mb lz\">3 mg<\/td>\n<td class=\"t ep v ab lt lu ma mb\">30 %<\/td>\n<\/tr>\n<\/tbody>\n<\/table>","protected":false},"excerpt":{"rendered":"<p>Ishtahani bostiruvchi Glyukomannan bilan Tasdiqlangan vazn yo&#8217;qotish Vegan, glyuten va&hellip;<\/p>\n<p> <a class=\"more-link\" href=\"https:\/\/piyola.shop\/uz\/mahsulot\/vazn-yoqotish-uchun-parashoklar-21-dona-105-g\/\">Ko&#039;proq o&#039;qish<\/a><\/p>","protected":false},"featured_media":15104,"comment_status":"open","ping_status":"closed","template":"","meta":{"om_disable_all_campaigns":false},"product_brand":[],"product_cat":[220,131],"product_tag":[],"class_list":{"0":"post-15103","1":"product","2":"type-product","3":"status-publish","4":"has-post-thumbnail","6":"product_cat-ozish","7":"product_cat-vitaminlar","9":"first","10":"instock","11":"shipping-taxable","12":"purchasable","13":"product-type-simple"},"aioseo_notices":[],"jetpack_sharing_enabled":true,"builder_content":"","_links":{"self":[{"href":"https:\/\/piyola.shop\/uz\/wp-json\/wp\/v2\/product\/15103","targetHints":{"allow":["GET"]}}],"collection":[{"href":"https:\/\/piyola.shop\/uz\/wp-json\/wp\/v2\/product"}],"about":[{"href":"https:\/\/piyola.shop\/uz\/wp-json\/wp\/v2\/types\/product"}],"replies":[{"embeddable":true,"href":"https:\/\/piyola.shop\/uz\/wp-json\/wp\/v2\/comments?post=15103"}],"wp:featuredmedia":[{"embeddable":true,"href":"https:\/\/piyola.shop\/uz\/wp-json\/wp\/v2\/media\/15104"}],"wp:attachment":[{"href":"https:\/\/piyola.shop\/uz\/wp-json\/wp\/v2\/media?parent=15103"}],"wp:term":[{"taxonomy":"product_brand","embeddable":true,"href":"https:\/\/piyola.shop\/uz\/wp-json\/wp\/v2\/product_brand?post=15103"},{"taxonomy":"product_cat","embeddable":true,"href":"https:\/\/piyola.shop\/uz\/wp-json\/wp\/v2\/product_cat?post=15103"},{"taxonomy":"product_tag","embeddable":true,"href":"https:\/\/piyola.shop\/uz\/wp-json\/wp\/v2\/product_tag?post=15103"}],"curies":[{"name":"wp","href":"https:\/\/api.w.org\/{rel}","templated":true}]}}