{"id":15108,"date":"2024-05-21T19:34:51","date_gmt":"2024-05-21T17:34:51","guid":{"rendered":"https:\/\/piyola.shop\/?post_type=product&#038;p=15108"},"modified":"2024-05-21T19:34:52","modified_gmt":"2024-05-21T17:34:52","slug":"faol-yog-almashinuvi-kapsulalari-45-dona-25-g","status":"publish","type":"product","link":"https:\/\/piyola.shop\/uz\/mahsulot\/faol-yog-almashinuvi-kapsulalari-45-dona-25-g\/","title":{"rendered":"Faol yog &#8216;almashinuvi kapsulalari 45 dona, 25 g"},"content":{"rendered":"<p>Guarana bilan sabzavotli yog &#8216;yoqilg&#8217;isi<br \/>\nYog &#8216;almashinuvi uchun xolin*<br \/>\nOg&#8217;irlikni nazorat qilish uchun guarana<br \/>\ntasdiqlangan sitrus mevalari va guarana ekstrakti Sinetrol\u00ae<br \/>\nparhez bilan birga<br \/>\nMivolis Active Fat Metabolism tarkibida tabiiy tsitrus mevalari va Sinetrol\u00ae guarana ekstrakti mavjud. Bu qon apelsin, greyfurt, apelsin va guarana ekstrakti aralashmasi. Guarana Amazon mintaqasida asrlar davomida ma&#8217;lum va u erda turli usullarda qo&#8217;llaniladi. Guarana ekstrakti tabiiy ravishda kofeinni o&#8217;z ichiga oladi. Retseptdagi meva ekstraktlari xolin bilan to&#8217;ldiriladi. *Xolin normal yog &#8216;almashinuviga hissa qo&#8217;shadi. Guarana bilan Mivolis faol yog &#8216;almashinuvi muntazam jismoniy faollik bilan birlashtirilgan kaloriyalarni kamaytiradigan parhezning bir qismi sifatida vaznni boshqarishga yordam beradi.<\/p>\n<p>16 yoshgacha bo&#8217;lgan bolalar va yoshlar uchun mos emas. 26 dan past tana massasi indeksi (BMI) bilan foydalanmang. Kichik bolalar qo&#8217;li etmaydigan joyda saqlang. Xun qo&#8217;shimchalarini turli xil va muvozanatli ovqatlanish yoki sog&#8217;lom turmush tarzi o&#8217;rniga ishlatmaslik kerak. Agar greypfrutga yuqori sezuvchanlik reaktsiyalari ma&#8217;lum bo&#8217;lsa yoki greyfurt bilan bir vaqtda ishlatilmasligi kerak bo&#8217;lgan dori-darmonlar qabul qilinsa, ishlatilmaydi. Kofein o&#8217;z ichiga oladi. Bolalar va homilador ayollar uchun tavsiya etilmaydi. (Kofein miqdori: 3 kapsula uchun taxminan 28 mg) Kuniga 3 kapsula: 2 kapsuladan nonushta paytida va 1 kapsuladan tushlikda yetarlicha suyuqlik bilan oling. Tavsiya etilgan sutkalik dozadan oshib ketmaslik kerak.<\/p>\n<p>Zutaten: Flavonoidhaltige Citrusfrucht und Guaranaextrakte (42%; Pampelmuse, Guarana, Grapefruit, Orange, Blutorange), Gelatine, Maltodextrin, Cholinbitartrat, Reisst\u00e4rke, Trennmittel: Magnesiumsalze der Speisefetts\u00e4uren und Siliciumdioxid. Enth\u00e4lt ca.2% Koffein.<\/p>\n<table class=\"t ep v ab b lr ls\" data-designsystem=\"true\">\n<thead>\n<tr>\n<th class=\"t ep v bi lt lu lv lw lx ly lz\">Durchschnittliche N\u00e4hrwertangaben<\/th>\n<th class=\"t ep v bi lt lu lv lw lx ly\">pro 100 g<\/th>\n<\/tr>\n<\/thead>\n<tbody>\n<tr>\n<td class=\"t ep v ab lt lu ma mb lz\">Brennwert<\/td>\n<td class=\"t ep v ab lt lu ma mb\">341 kcal \/ 1.427 kJ<\/td>\n<\/tr>\n<tr>\n<td class=\"t ep v ab lt lu ma mb lz\">Fett<\/td>\n<td class=\"t ep v ab lt lu ma mb\">1,4 g<\/td>\n<\/tr>\n<tr>\n<td class=\"t ep v ab lt lu ma mb lz\">davon ges\u00e4ttigte Fetts\u00e4uren<\/td>\n<td class=\"t ep v ab lt lu ma mb\">0,8 g<\/td>\n<\/tr>\n<tr>\n<td class=\"t ep v ab lt lu ma mb lz\">Kohlenhydrate<\/td>\n<td class=\"t ep v ab lt lu ma mb\">48 g<\/td>\n<\/tr>\n<tr>\n<td class=\"t ep v ab lt lu ma mb lz\">davon Zucker<\/td>\n<td class=\"t ep v ab lt lu ma mb\">0 g<\/td>\n<\/tr>\n<tr>\n<td class=\"t ep v ab lt lu ma mb lz\">Eiwei\u00df<\/td>\n<td class=\"t ep v ab lt lu ma mb\">21 g<\/td>\n<\/tr>\n<tr>\n<td class=\"t ep v ab lt lu ma mb lz\">Salz \u00c4quivalent<\/td>\n<td class=\"t ep v ab lt lu ma mb\">0,03 g<\/td>\n<\/tr>\n<\/tbody>\n<\/table>\n<table class=\"t ep v ab b lr ls\" data-designsystem=\"true\">\n<thead>\n<tr>\n<th class=\"t ep v bi lt lu lv lw lx ly lz\">Zusammensetzung<\/th>\n<th class=\"t ep v bi lt lu lv lw lx ly lz\">Pro Tagesdosis*<\/th>\n<th class=\"t ep v bi lt lu lv lw lx ly\">% NRV**<\/th>\n<\/tr>\n<\/thead>\n<tbody>\n<tr>\n<td class=\"t ep v ab lt lu ma mb lz\">Cholin, gesamt<\/td>\n<td class=\"t ep v ab lt lu ma mb lz\">82,5 mg<\/td>\n<td class=\"t ep v ab lt lu ma mb\">****<\/td>\n<\/tr>\n<tr>\n<td class=\"t ep v ab lt lu ma mb lz\">Guaranaextrakt<\/td>\n<td class=\"t ep v ab lt lu ma mb lz\">140 mg<\/td>\n<td class=\"t ep v ab lt lu ma mb\">****<\/td>\n<\/tr>\n<tr>\n<td class=\"t ep v ab lt lu ma mb lz\">Koffein<\/td>\n<td class=\"t ep v ab lt lu ma mb lz\">28 mg<\/td>\n<td class=\"t ep v ab lt lu ma mb\">****<\/td>\n<\/tr>\n<tr>\n<td class=\"t ep v ab lt lu ma mb lz\">Flavonoide<\/td>\n<td class=\"t ep v ab lt lu ma mb lz\">300 mg<\/td>\n<td class=\"t ep v ab lt lu ma mb\">****<\/td>\n<\/tr>\n<\/tbody>\n<\/table>","protected":false},"excerpt":{"rendered":"<p>Guarana bilan sabzavotli yog &#039;yoqilg&#039;isi Yog &#039;almashinuvi uchun xolin* Og&#039;irlikni\u2026<\/p>\n<p> <a class=\"more-link\" href=\"https:\/\/piyola.shop\/uz\/mahsulot\/faol-yog-almashinuvi-kapsulalari-45-dona-25-g\/\">Ko&#039;proq o&#039;qish<\/a><\/p>","protected":false},"featured_media":15109,"comment_status":"open","ping_status":"closed","template":"","meta":{"om_disable_all_campaigns":false},"product_brand":[],"product_cat":[220],"product_tag":[],"class_list":{"0":"post-15108","1":"product","2":"type-product","3":"status-publish","4":"has-post-thumbnail","6":"product_cat-ozish","8":"first","9":"instock","10":"shipping-taxable","11":"purchasable","12":"product-type-simple"},"aioseo_notices":[],"jetpack_sharing_enabled":true,"builder_content":"","_links":{"self":[{"href":"https:\/\/piyola.shop\/uz\/wp-json\/wp\/v2\/product\/15108","targetHints":{"allow":["GET"]}}],"collection":[{"href":"https:\/\/piyola.shop\/uz\/wp-json\/wp\/v2\/product"}],"about":[{"href":"https:\/\/piyola.shop\/uz\/wp-json\/wp\/v2\/types\/product"}],"replies":[{"embeddable":true,"href":"https:\/\/piyola.shop\/uz\/wp-json\/wp\/v2\/comments?post=15108"}],"wp:featuredmedia":[{"embeddable":true,"href":"https:\/\/piyola.shop\/uz\/wp-json\/wp\/v2\/media\/15109"}],"wp:attachment":[{"href":"https:\/\/piyola.shop\/uz\/wp-json\/wp\/v2\/media?parent=15108"}],"wp:term":[{"taxonomy":"product_brand","embeddable":true,"href":"https:\/\/piyola.shop\/uz\/wp-json\/wp\/v2\/product_brand?post=15108"},{"taxonomy":"product_cat","embeddable":true,"href":"https:\/\/piyola.shop\/uz\/wp-json\/wp\/v2\/product_cat?post=15108"},{"taxonomy":"product_tag","embeddable":true,"href":"https:\/\/piyola.shop\/uz\/wp-json\/wp\/v2\/product_tag?post=15108"}],"curies":[{"name":"wp","href":"https:\/\/api.w.org\/{rel}","templated":true}]}}