{"id":15125,"date":"2024-05-21T19:55:24","date_gmt":"2024-05-21T17:55:24","guid":{"rendered":"https:\/\/piyola.shop\/?post_type=product&#038;p=15125"},"modified":"2024-05-21T19:55:24","modified_gmt":"2024-05-21T17:55:24","slug":"koktey-dieta-vanil-450-g","status":"publish","type":"product","link":"https:\/\/piyola.shop\/uz\/mahsulot\/koktey-dieta-vanil-450-g\/","title":{"rendered":"Koktey Dieta Vanil 450 g"},"content":{"rendered":"<p>L-karnitin bilan<br \/>\n100 g chayqalish uchun 202 kkal 69 kkal<br \/>\n27 vitamin va minerallar<br \/>\nKam mustahkamli taom<br \/>\nProteinga boy<br \/>\nPast kaloriyali dietaning bir qismi sifatida kunlik asosiy ovqatlardan ikkitasini SHEKO vanil kokteyli bilan almashtirish vazn yo&#8217;qotishga hissa qo&#8217;shadi va har kuni bitta asosiy ovqatni almashtirish sizning vazningizni saqlab qolishga yordam beradi. SHEKO chayqalishi faqat past kaloriyali parhezning bir qismi sifatida va agar siz boshqa ovqatlarni iste&#8217;mol qilsangiz, vaznni nazorat qilish maqsadini bajaradi. Turli va muvozanatli ovqatlanish va sog&#8217;lom turmush tarziga ega ekanligingizga ishonch hosil qiling. Har kuni etarli miqdorda suv yoki shakarsiz choy ichish muhimdir.<\/p>\n<p>Past kaloriyali dietaning bir qismi sifatida kunlik asosiy ovqatlardan ikkitasini SHEKO shakesi bilan almashtirish vazn yo&#8217;qotishga hissa qo&#8217;shadi va har kuni bitta asosiy ovqatni almashtirish sizning vazningizni saqlab qolishga yordam beradi.<\/p>\n<p>Tarkibi: oq sut, zardob oqsili konsentrati, SOY yog&#8217;i, maltodekstrin, quyuqlashtiruvchi (ksantan saqich), tabiiy lazzat, yog&#8217;sizlangan SUT YOGURT kukuni, magniy oksidi, L-karnitin (Carnipure\u2122), kaliy sitrat, osh tuzi, kaliy fosfati (kaliy emulsfati). SOYA lesitin), vanil loviya kukuni (0,3%), kislotalashtiruvchi (tartarik kislota L(+)), L-askorbin kislota, temir sulfat, tatland\u0131r\u0131c\u0131 (sukraloza), rux oksidi, marganets sulfat, nikotinamid, D-alfa tokoferil asetat, mis glyukonat, kaltsiy xlorid, antioksidant (DL-alfa-tokoferol), kaltsiy D -pantotenat, piridoksin gidroxloridi, riboflavin, tiamin mononitrat, retinil asetat, rang (beta-karotin), pteroilmonoglutamik kislota, sodiumdiodiol, sodiumdiofil bir , D-biotin, menaquinone-7 (K2VITAL\u00aeDELTA), xolekalsiferol, siyanokobalamin. Tuxum izlari bo&#8217;lishi mumkin. Asosiy tarkibiy qism: sut oqsili.<\/p>\n<table class=\"t ep v ab b lr ls\" data-designsystem=\"true\">\n<thead>\n<tr>\n<th class=\"t ep v bi lt lu lv lw lx ly lz\">Zusammensetzung<\/th>\n<th class=\"t ep v bi lt lu lv lw lx ly lz\">Pro Tagesdosis* ***<\/th>\n<th class=\"t ep v bi lt lu lv lw lx ly\">% NRV**<\/th>\n<\/tr>\n<\/thead>\n<tbody>\n<tr>\n<td class=\"t ep v ab lt lu ma mb lz\">Biotin<\/td>\n<td class=\"t ep v ab lt lu ma mb lz\">24,5 \u00b5g<\/td>\n<td class=\"t ep v ab lt lu ma mb\">49 %<\/td>\n<\/tr>\n<tr>\n<td class=\"t ep v ab lt lu ma mb lz\">Kaltsiy<\/td>\n<td class=\"t ep v ab lt lu ma mb lz\">499 mg<\/td>\n<td class=\"t ep v ab lt lu ma mb\">62 %<\/td>\n<\/tr>\n<tr>\n<td class=\"t ep v ab lt lu ma mb lz\">Chlorid<\/td>\n<td class=\"t ep v ab lt lu ma mb lz\">330 mg<\/td>\n<td class=\"t ep v ab lt lu ma mb\">41 %<\/td>\n<\/tr>\n<tr>\n<td class=\"t ep v ab lt lu ma mb lz\">Eyzen<\/td>\n<td class=\"t ep v ab lt lu ma mb lz\">5,5 mg<\/td>\n<td class=\"t ep v ab lt lu ma mb\">33 %<\/td>\n<\/tr>\n<tr>\n<td class=\"t ep v ab lt lu ma mb lz\">Fols\u00e4ure<\/td>\n<td class=\"t ep v ab lt lu ma mb lz\">98,1 \u00b5g<\/td>\n<td class=\"t ep v ab lt lu ma mb\">49 %<\/td>\n<\/tr>\n<tr>\n<td class=\"t ep v ab lt lu ma mb lz\">Jod<\/td>\n<td class=\"t ep v ab lt lu ma mb lz\">82 \u00b5g<\/td>\n<td class=\"t ep v ab lt lu ma mb\">55 %<\/td>\n<\/tr>\n<tr>\n<td class=\"t ep v ab lt lu ma mb lz\">Kalium<\/td>\n<td class=\"t ep v ab lt lu ma mb lz\">515 mg<\/td>\n<td class=\"t ep v ab lt lu ma mb\">26 %<\/td>\n<\/tr>\n<tr>\n<td class=\"t ep v ab lt lu ma mb lz\">Kupfer<\/td>\n<td class=\"t ep v ab lt lu ma mb lz\">0,4 mg<\/td>\n<td class=\"t ep v ab lt lu ma mb\">40 %<\/td>\n<\/tr>\n<tr>\n<td class=\"t ep v ab lt lu ma mb lz\">Magniy<\/td>\n<td class=\"t ep v ab lt lu ma mb lz\">140 mg<\/td>\n<td class=\"t ep v ab lt lu ma mb\">37 %<\/td>\n<\/tr>\n<tr>\n<td class=\"t ep v ab lt lu ma mb lz\">Mangan<\/td>\n<td class=\"t ep v ab lt lu ma mb lz\">0,89 mg<\/td>\n<td class=\"t ep v ab lt lu ma mb\">45 %<\/td>\n<\/tr>\n<tr>\n<td class=\"t ep v ab lt lu ma mb lz\">Molibdan<\/td>\n<td class=\"t ep v ab lt lu ma mb lz\">20,2 \u00b5g<\/td>\n<td class=\"t ep v ab lt lu ma mb\">40 %<\/td>\n<\/tr>\n<tr>\n<td class=\"t ep v ab lt lu ma mb lz\">Niatsin<\/td>\n<td class=\"t ep v ab lt lu ma mb lz\">6,6 mg<\/td>\n<td class=\"t ep v ab lt lu ma mb\">41 %<\/td>\n<\/tr>\n<tr>\n<td class=\"t ep v ab lt lu ma mb lz\">Pantotenza<\/td>\n<td class=\"t ep v ab lt lu ma mb lz\">2,5 mg<\/td>\n<td class=\"t ep v ab lt lu ma mb\">42 %<\/td>\n<\/tr>\n<tr>\n<td class=\"t ep v ab lt lu ma mb lz\">Fosfor<\/td>\n<td class=\"t ep v ab lt lu ma mb lz\">361 mg<\/td>\n<td class=\"t ep v ab lt lu ma mb\">52 %<\/td>\n<\/tr>\n<tr>\n<td class=\"t ep v ab lt lu ma mb lz\">Vitamin B 2, Riboflavin<\/td>\n<td class=\"t ep v ab lt lu ma mb lz\">1 mg<\/td>\n<td class=\"t ep v ab lt lu ma mb\">71 %<\/td>\n<\/tr>\n<tr>\n<td class=\"t ep v ab lt lu ma mb lz\">Selen<\/td>\n<td class=\"t ep v ab lt lu ma mb lz\">34,3 \u00b5g<\/td>\n<td class=\"t ep v ab lt lu ma mb\">62 %<\/td>\n<\/tr>\n<tr>\n<td class=\"t ep v ab lt lu ma mb lz\">A vitamini<\/td>\n<td class=\"t ep v ab lt lu ma mb lz\">350 \u00b5g<\/td>\n<td class=\"t ep v ab lt lu ma mb\">44 %<\/td>\n<\/tr>\n<tr>\n<td class=\"t ep v ab lt lu ma mb lz\">Vitamin B 1, tiamin<\/td>\n<td class=\"t ep v ab lt lu ma mb lz\">0,48 mg<\/td>\n<td class=\"t ep v ab lt lu ma mb\">44 %<\/td>\n<\/tr>\n<tr>\n<td class=\"t ep v ab lt lu ma mb lz\">Vitamin B 12<\/td>\n<td class=\"t ep v ab lt lu ma mb lz\">2,3 \u00b5g<\/td>\n<td class=\"t ep v ab lt lu ma mb\">92 %<\/td>\n<\/tr>\n<tr>\n<td class=\"t ep v ab lt lu ma mb lz\">Vitamin B 6<\/td>\n<td class=\"t ep v ab lt lu ma mb lz\">0,57 mg<\/td>\n<td class=\"t ep v ab lt lu ma mb\">41 %<\/td>\n<\/tr>\n<tr>\n<td class=\"t ep v ab lt lu ma mb lz\">S vitamini<\/td>\n<td class=\"t ep v ab lt lu ma mb lz\">31,7 mg<\/td>\n<td class=\"t ep v ab lt lu ma mb\">40 %<\/td>\n<\/tr>\n<tr>\n<td class=\"t ep v ab lt lu ma mb lz\">D vitamini<\/td>\n<td class=\"t ep v ab lt lu ma mb lz\">2,1 \u00b5g<\/td>\n<td class=\"t ep v ab lt lu ma mb\">42 %<\/td>\n<\/tr>\n<tr>\n<td class=\"t ep v ab lt lu ma mb lz\">E vitamini<\/td>\n<td class=\"t ep v ab lt lu ma mb lz\">5,4 mg<\/td>\n<td class=\"t ep v ab lt lu ma mb\">45 %<\/td>\n<\/tr>\n<tr>\n<td class=\"t ep v ab lt lu ma mb lz\">K vitamini<\/td>\n<td class=\"t ep v ab lt lu ma mb lz\">38,8 \u00b5g<\/td>\n<td class=\"t ep v ab lt lu ma mb\">52 %<\/td>\n<\/tr>\n<tr>\n<td class=\"t ep v ab lt lu ma mb lz\">Sink<\/td>\n<td class=\"t ep v ab lt lu ma mb lz\">4,1 mg<\/td>\n<td class=\"t ep v ab lt lu ma mb\">41 %<\/td>\n<\/tr>\n<tr>\n<td class=\"t ep v ab lt lu ma mb lz\">Carnitin<\/td>\n<td class=\"t ep v ab lt lu ma mb lz\">100 mg<\/td>\n<td class=\"t ep v ab lt lu ma mb\">****<\/td>\n<\/tr>\n<tr>\n<td class=\"t ep v ab lt lu ma mb lz\">Linols\u00e4ure<\/td>\n<td class=\"t ep v ab lt lu ma mb lz\">1 g<\/td>\n<td class=\"t ep v ab lt lu ma mb\">****<\/td>\n<\/tr>\n<tr>\n<td class=\"t ep v ab lt lu ma mb lz\">Natrium<\/td>\n<td class=\"t ep v ab lt lu ma mb lz\">182 mg<\/td>\n<td class=\"t ep v ab lt lu ma mb\">****<\/td>\n<\/tr>\n<tr>\n<td class=\"t ep v ab lt lu ma mb lz\">Histidin<\/td>\n<td class=\"t ep v ab lt lu ma mb lz\">0,53 g<\/td>\n<td class=\"t ep v ab lt lu ma mb\">****<\/td>\n<\/tr>\n<tr>\n<td class=\"t ep v ab lt lu ma mb lz\">Isoleucin<\/td>\n<td class=\"t ep v ab lt lu ma mb lz\">1,06 g<\/td>\n<td class=\"t ep v ab lt lu ma mb\">****<\/td>\n<\/tr>\n<tr>\n<td class=\"t ep v ab lt lu ma mb lz\">Leucin<\/td>\n<td class=\"t ep v ab lt lu ma mb lz\">2,04 g<\/td>\n<td class=\"t ep v ab lt lu ma mb\">****<\/td>\n<\/tr>\n<tr>\n<td class=\"t ep v ab lt lu ma mb lz\">Lysin<\/td>\n<td class=\"t ep v ab lt lu ma mb lz\">1,73 g<\/td>\n<td class=\"t ep v ab lt lu ma mb\">****<\/td>\n<\/tr>\n<tr>\n<td class=\"t ep v ab lt lu ma mb lz\">Methionin<\/td>\n<td class=\"t ep v ab lt lu ma mb lz\">0,58 g<\/td>\n<td class=\"t ep v ab lt lu ma mb\">****<\/td>\n<\/tr>\n<tr>\n<td class=\"t ep v ab lt lu ma mb lz\">Phenylalanin<\/td>\n<td class=\"t ep v ab lt lu ma mb lz\">0,98 g<\/td>\n<td class=\"t ep v ab lt lu ma mb\">****<\/td>\n<\/tr>\n<tr>\n<td class=\"t ep v ab lt lu ma mb lz\">Threonin<\/td>\n<td class=\"t ep v ab lt lu ma mb lz\">0,94 g<\/td>\n<td class=\"t ep v ab lt lu ma mb\">****<\/td>\n<\/tr>\n<tr>\n<td class=\"t ep v ab lt lu ma mb lz\">Tryptophan<\/td>\n<td class=\"t ep v ab lt lu ma mb lz\">0,25 g<\/td>\n<td class=\"t ep v ab lt lu ma mb\">****<\/td>\n<\/tr>\n<tr>\n<td class=\"t ep v ab lt lu ma mb lz\">Valin<\/td>\n<td class=\"t ep v ab lt lu ma mb lz\">1,34 g<\/td>\n<td class=\"t ep v ab lt lu ma mb\">****<\/td>\n<\/tr>\n<\/tbody>\n<\/table>","protected":false},"excerpt":{"rendered":"<p>L-karnitin bilan 100 g chayqalish uchun 202 kkal 69 kkal\u2026<\/p>\n<p> <a class=\"more-link\" href=\"https:\/\/piyola.shop\/uz\/mahsulot\/koktey-dieta-vanil-450-g\/\">Ko&#039;proq o&#039;qish<\/a><\/p>","protected":false},"featured_media":15126,"comment_status":"open","ping_status":"closed","template":"","meta":{"om_disable_all_campaigns":false},"product_brand":[],"product_cat":[220],"product_tag":[],"class_list":{"0":"post-15125","1":"product","2":"type-product","3":"status-publish","4":"has-post-thumbnail","6":"product_cat-ozish","8":"first","9":"instock","10":"shipping-taxable","11":"purchasable","12":"product-type-simple"},"aioseo_notices":[],"jetpack_sharing_enabled":true,"builder_content":"","_links":{"self":[{"href":"https:\/\/piyola.shop\/uz\/wp-json\/wp\/v2\/product\/15125","targetHints":{"allow":["GET"]}}],"collection":[{"href":"https:\/\/piyola.shop\/uz\/wp-json\/wp\/v2\/product"}],"about":[{"href":"https:\/\/piyola.shop\/uz\/wp-json\/wp\/v2\/types\/product"}],"replies":[{"embeddable":true,"href":"https:\/\/piyola.shop\/uz\/wp-json\/wp\/v2\/comments?post=15125"}],"wp:featuredmedia":[{"embeddable":true,"href":"https:\/\/piyola.shop\/uz\/wp-json\/wp\/v2\/media\/15126"}],"wp:attachment":[{"href":"https:\/\/piyola.shop\/uz\/wp-json\/wp\/v2\/media?parent=15125"}],"wp:term":[{"taxonomy":"product_brand","embeddable":true,"href":"https:\/\/piyola.shop\/uz\/wp-json\/wp\/v2\/product_brand?post=15125"},{"taxonomy":"product_cat","embeddable":true,"href":"https:\/\/piyola.shop\/uz\/wp-json\/wp\/v2\/product_cat?post=15125"},{"taxonomy":"product_tag","embeddable":true,"href":"https:\/\/piyola.shop\/uz\/wp-json\/wp\/v2\/product_tag?post=15125"}],"curies":[{"name":"wp","href":"https:\/\/api.w.org\/{rel}","templated":true}]}}