{"id":15141,"date":"2024-05-21T20:30:01","date_gmt":"2024-05-21T18:30:01","guid":{"rendered":"https:\/\/piyola.shop\/?post_type=product&#038;p=15141"},"modified":"2024-05-21T20:30:02","modified_gmt":"2024-05-21T18:30:02","slug":"kokteyl-diet-shake-slim-shake-qizil-mevalar-va-yogurt-396-g","status":"publish","type":"product","link":"https:\/\/piyola.shop\/uz\/mahsulot\/kokteyl-diet-shake-slim-shake-qizil-mevalar-va-yogurt-396-g\/","title":{"rendered":"Kokteyl Diet shake, Slim Shake qizil mevalar va yogurt, 396 g"},"content":{"rendered":"<p>Ovqatni to&#8217;liq almashtirish<br \/>\nKilo yo&#8217;qotish va nazorat qilish uchun ishlatilishi mumkin<br \/>\nElyaf manbai<br \/>\nO&#8217;n ikki porsiyagacha etarli<br \/>\nLayenberger Fit+Feelgood kompaniyasining Slim Shake qizil mevalari va yogurti bilan siz uchta asosiy taomdan ikkitasini almashtirishingiz mumkin. Kukun 200 ml kam yog&#8217;li sut (1,5%) bilan tayyorlanishi mumkin, taxminan 213 kkal bilan to&#8217;liq ovqat yaratadi. Bundan tashqari, tolalar manbai sizni uzoq vaqt davomida to&#8217;liq saqlashi mumkin.<\/p>\n<p>SOY PROTEINI izolati, zardob oqsili konsentrati, modifikatsiyalangan kraxmal, SUT oqsili konsentrati, makkajo&#8217;xori dekstrini, SOYA yog&#8217;i, maltodekstrin, inulin, xushbo&#8217;y hid, kaliy sitrat, SUT oqsili, yogurt kukuni, kislotali karbonat kislotasi (1,5%), magniy karbonat kislotasi lavlagi rangi, kaltsiy fosfat, kaliy xlorid , malina kukuni (malina sharbati kukuni muzlatilgan quritilgan, maltodekstrin) (0,4%), tatland\u0131r\u0131c\u0131lar: natriy siklamat, sukraloza, saxarin; Qalinlashtirgichlar ksantan saqich, natriy L-askorbat, temir pirofosfat, DL-alfa-tokoferil asetat, rux sulfat, nikotinamid, retinil asetat, kaltsiy D-pantotenat, marganets sulfat, mis sulfat, xolekalsiferolxlorid, gidrofiloksid biri, riboflavin, kaliy yodid, pteroilmonoglutamik kislota, natriy selenat, D -Biotin, siyanokobalamin, antioksidant: alfa-tokoferol, bibariya ekstrakti.<\/p>\n<p>100 g uchun o&#8217;rtacha ozuqaviy ma&#8217;lumot<br \/>\nKaloriya qiymati 367 kkal \/ 1547 kJ<br \/>\nYog &#8216;7,1 g<br \/>\nshundan to&#8217;yingan yog&#8217; kislotalari 1,6 g<br \/>\nUglevodlar 31 g<br \/>\nshundan shakar 16 g<br \/>\nProtein 39 g<br \/>\nTuz ekvivalenti 13,6 g<\/p>","protected":false},"excerpt":{"rendered":"<p>Ovqatni to&#039;liq qilish Kilo yo&#039;qotish va nazorat qilish uchun\u2026<\/p>\n<p> <a class=\"more-link\" href=\"https:\/\/piyola.shop\/uz\/mahsulot\/kokteyl-diet-shake-slim-shake-qizil-mevalar-va-yogurt-396-g\/\">Ko&#039;proq o&#039;qish<\/a><\/p>","protected":false},"featured_media":15142,"comment_status":"open","ping_status":"closed","template":"","meta":{"om_disable_all_campaigns":false},"product_brand":[],"product_cat":[220],"product_tag":[],"class_list":{"0":"post-15141","1":"product","2":"type-product","3":"status-publish","4":"has-post-thumbnail","6":"product_cat-ozish","8":"first","9":"instock","10":"shipping-taxable","11":"purchasable","12":"product-type-simple"},"aioseo_notices":[],"jetpack_sharing_enabled":true,"builder_content":"","_links":{"self":[{"href":"https:\/\/piyola.shop\/uz\/wp-json\/wp\/v2\/product\/15141","targetHints":{"allow":["GET"]}}],"collection":[{"href":"https:\/\/piyola.shop\/uz\/wp-json\/wp\/v2\/product"}],"about":[{"href":"https:\/\/piyola.shop\/uz\/wp-json\/wp\/v2\/types\/product"}],"replies":[{"embeddable":true,"href":"https:\/\/piyola.shop\/uz\/wp-json\/wp\/v2\/comments?post=15141"}],"wp:featuredmedia":[{"embeddable":true,"href":"https:\/\/piyola.shop\/uz\/wp-json\/wp\/v2\/media\/15142"}],"wp:attachment":[{"href":"https:\/\/piyola.shop\/uz\/wp-json\/wp\/v2\/media?parent=15141"}],"wp:term":[{"taxonomy":"product_brand","embeddable":true,"href":"https:\/\/piyola.shop\/uz\/wp-json\/wp\/v2\/product_brand?post=15141"},{"taxonomy":"product_cat","embeddable":true,"href":"https:\/\/piyola.shop\/uz\/wp-json\/wp\/v2\/product_cat?post=15141"},{"taxonomy":"product_tag","embeddable":true,"href":"https:\/\/piyola.shop\/uz\/wp-json\/wp\/v2\/product_tag?post=15141"}],"curies":[{"name":"wp","href":"https:\/\/api.w.org\/{rel}","templated":true}]}}