{"id":15238,"date":"2024-05-22T09:27:46","date_gmt":"2024-05-22T07:27:46","guid":{"rendered":"https:\/\/piyola.shop\/?post_type=product&#038;p=15238"},"modified":"2024-05-22T09:27:46","modified_gmt":"2024-05-22T07:27:46","slug":"sprey-konditsioneri-express-repair-aqua-revive-200-ml","status":"publish","type":"product","link":"https:\/\/piyola.shop\/uz\/mahsulot\/sprey-konditsioneri-express-repair-aqua-revive-200-ml\/","title":{"rendered":"Sprey konditsioneri Express-Repair Aqua Revive, 200 ml"},"content":{"rendered":"<p>soch konditsioneri<br \/>\n48 soatgacha namlik<br \/>\n230 \u00b0 gacha issiqlikdan himoya qilish<br \/>\nOddiy dastur<br \/>\nOddiy va quruq sochlar uchun javob beradi<br \/>\nSchwarzkopf GLISS kompaniyasining Aqua Revive ekspress ta&#8217;mirlash konditsioneri nafaqat 48 soatgacha namlikni ta&#8217;minlabgina qolmay, balki sochni 230 darajagacha issiqlikdan himoya qiladi. Sprey konditsioneri sochlarni muloyimlik bilan oziqlantiradi va sochlarga bir zumda porlashi va tarash qobiliyatini yaxshilaydi. U gialuron kompleksi va dengiz yosunlari bilan boyitilgan va shuning uchun intensiv parvarish qilishni ta&#8217;minlaydi.<\/p>\n<p>Tarkibi: Aqua (suv, Eau), Trisiloksan, Dimetikon, Prunus Armeniya (o&#8217;rik) yadrosi yog&#8217;i, fenil trimetikon, Dimetilsilanol gialuronat, glitserin, Laminariya saxarina ekstrakti, gidrolizlangan keratin, Dimetikonol, C6F1, PPG-10\/1 dimetikon, setrimonyum xlorid, sut kislotasi, pantenol, natriy benzoat, benzil salitsilat, linalool, fenoksietanol, kaliy sorbat, benzil spirti<\/p>\n<p>Ishlatishdan oldin silkiting! Har bir soch yuvishdan keyin sochiq bilan quritilgan yoki quruq sochlarga p\u00fcsk\u00fcrt\u00fcn. Yuvmang! Muntazam ravishda foydalaning. Erdan qoldiqlarni olib tashlang. Ko&#8217;zlarga purkamang!<\/p>","protected":false},"excerpt":{"rendered":"<p>soch konditsioneri 48 soatgacha namlik 230 \u00b0 gacha issiqlikdan himoya&hellip;<\/p>\n<p> <a class=\"more-link\" href=\"https:\/\/piyola.shop\/uz\/mahsulot\/sprey-konditsioneri-express-repair-aqua-revive-200-ml\/\">Ko&#039;proq o&#039;qish<\/a><\/p>","protected":false},"featured_media":15241,"comment_status":"open","ping_status":"closed","template":"","meta":{"om_disable_all_campaigns":false},"product_brand":[],"product_cat":[224],"product_tag":[],"class_list":{"0":"post-15238","1":"product","2":"type-product","3":"status-publish","4":"has-post-thumbnail","6":"product_cat-sochlar-parvarishi","8":"first","9":"instock","10":"shipping-taxable","11":"purchasable","12":"product-type-simple"},"aioseo_notices":[],"jetpack_sharing_enabled":true,"builder_content":"","_links":{"self":[{"href":"https:\/\/piyola.shop\/uz\/wp-json\/wp\/v2\/product\/15238","targetHints":{"allow":["GET"]}}],"collection":[{"href":"https:\/\/piyola.shop\/uz\/wp-json\/wp\/v2\/product"}],"about":[{"href":"https:\/\/piyola.shop\/uz\/wp-json\/wp\/v2\/types\/product"}],"replies":[{"embeddable":true,"href":"https:\/\/piyola.shop\/uz\/wp-json\/wp\/v2\/comments?post=15238"}],"wp:featuredmedia":[{"embeddable":true,"href":"https:\/\/piyola.shop\/uz\/wp-json\/wp\/v2\/media\/15241"}],"wp:attachment":[{"href":"https:\/\/piyola.shop\/uz\/wp-json\/wp\/v2\/media?parent=15238"}],"wp:term":[{"taxonomy":"product_brand","embeddable":true,"href":"https:\/\/piyola.shop\/uz\/wp-json\/wp\/v2\/product_brand?post=15238"},{"taxonomy":"product_cat","embeddable":true,"href":"https:\/\/piyola.shop\/uz\/wp-json\/wp\/v2\/product_cat?post=15238"},{"taxonomy":"product_tag","embeddable":true,"href":"https:\/\/piyola.shop\/uz\/wp-json\/wp\/v2\/product_tag?post=15238"}],"curies":[{"name":"wp","href":"https:\/\/api.w.org\/{rel}","templated":true}]}}