{"id":15247,"date":"2024-05-22T09:35:54","date_gmt":"2024-05-22T07:35:54","guid":{"rendered":"https:\/\/piyola.shop\/?post_type=product&#038;p=15247"},"modified":"2024-05-22T09:35:54","modified_gmt":"2024-05-22T07:35:54","slug":"soch-uchun-vitaminlar-ah-mazing-hair-vitamin-biotin-shakarsiz-45-dona-1125-g","status":"publish","type":"product","link":"https:\/\/piyola.shop\/uz\/mahsulot\/soch-uchun-vitaminlar-ah-mazing-hair-vitamin-biotin-shakarsiz-45-dona-1125-g\/","title":{"rendered":"Soch uchun vitaminlar Ah-Mazing Hair Vitamin Biotin, shakarsiz (45 dona), 112,5 g"},"content":{"rendered":"<p>Yuqori sifatli ingredientlar: biotin (vitamin B7), sink, foliy kislotasi, kokos moyi, vitamin C va E<br \/>\nShakarsiz (steviya bilan shirinlangan)<br \/>\nHar bir ayiqda 5000 mkg biotin (B7 vitamini) mavjud<br \/>\nVegan<br \/>\nShakarsiz soch vitaminlari Ah-mazing soch vitaminlari bilan Bears biotinli foydali vitaminlar &#8211; bu har bir ayiqda 5000 mkg biotin (B7 vitamini) bo&#8217;lgan yuqori konsentratsiyali go&#8217;zallik vitamin kompleksi bo&#8217;lib, normal soch, teri va tirnoqlarni saqlash uchun mo&#8217;ljallangan. Biotin normal energiya almashinuviga va terining, tirnoqlarning va sochlarning normal holatini saqlashga yordam beradi. Aqlli go&#8217;zallik vitamin kompleksi shuningdek, vitamin B6 va sink, foliy kislotasi, vitamin C va E va yuqori sifatli kokos moyi bilan to&#8217;ldiriladi. Ayiqlar uzoq muddatli iste&#8217;mol qilish uchun mos keladi va steviya bilan shirinlanadi.<\/p>\n<p>Kuniga 1 ayiq. Bir qutiga 45 ta ayiq 1,5 oy uchun etarli. Natija ko&#8217;ringuncha kamida 6 hafta foydalanish tavsiya etiladi.<\/p>\n<p>Tatland\u0131r\u0131c\u0131lar (maltitol siropi, steviol glikozidlari), o&#8217;zgartirilgan kartoshka kraxmal, kislotali limon kislotasi, tabiiy lazzat, sabzi konsentrati, shirin kartoshka konsentrati, L-askorbin kislotasi, DL-alfa-tokoferil asetat, D-biotin, D-kaltsiy glikozid, D-kalsiy glikozid, , piridoksin gidroxloridi, retinil asetat, pteroil glutamik kislota, kaliy yodid, xolin, inositol, o&#8217;simlik moylari (kokos, kolza), qoplama agenti karnauba mumi.<\/p>\n<p>Kundalik doza uchun tarkibi* ***% NRV**<br \/>\nBiotin 5000 mkg 10 000%<br \/>\nFolik kislota 130 mkg 65%<br \/>\nYod 21,8 mkg 15%<br \/>\nPantotenik kislota 2,6 mg 43%<br \/>\nA vitamini 315 mkg 39%<br \/>\nVitamin B 6 1 mg 71%<br \/>\nS vitamini 11,6 mg 15%<br \/>\nE vitamini 5,5 mkg 46%<br \/>\nSink 1,45 mg 15%<br \/>\nXolin, jami 20 mkg ****<br \/>\nInozitol 20 mkg ****<\/p>","protected":false},"excerpt":{"rendered":"<p>Yuqori sifatli ingredientlar: biotin (vitamin B7), sink, foliy kislotasi, kokos&hellip;<\/p>\n<p> <a class=\"more-link\" href=\"https:\/\/piyola.shop\/uz\/mahsulot\/soch-uchun-vitaminlar-ah-mazing-hair-vitamin-biotin-shakarsiz-45-dona-1125-g\/\">Ko&#039;proq o&#039;qish<\/a><\/p>","protected":false},"featured_media":15248,"comment_status":"open","ping_status":"closed","template":"","meta":{"om_disable_all_campaigns":false},"product_brand":[],"product_cat":[224,211],"product_tag":[],"class_list":{"0":"post-15247","1":"product","2":"type-product","3":"status-publish","4":"has-post-thumbnail","6":"product_cat-sochlar-parvarishi","7":"product_cat-sochlar","9":"first","10":"instock","11":"shipping-taxable","12":"purchasable","13":"product-type-simple"},"aioseo_notices":[],"jetpack_sharing_enabled":true,"builder_content":"","_links":{"self":[{"href":"https:\/\/piyola.shop\/uz\/wp-json\/wp\/v2\/product\/15247","targetHints":{"allow":["GET"]}}],"collection":[{"href":"https:\/\/piyola.shop\/uz\/wp-json\/wp\/v2\/product"}],"about":[{"href":"https:\/\/piyola.shop\/uz\/wp-json\/wp\/v2\/types\/product"}],"replies":[{"embeddable":true,"href":"https:\/\/piyola.shop\/uz\/wp-json\/wp\/v2\/comments?post=15247"}],"wp:featuredmedia":[{"embeddable":true,"href":"https:\/\/piyola.shop\/uz\/wp-json\/wp\/v2\/media\/15248"}],"wp:attachment":[{"href":"https:\/\/piyola.shop\/uz\/wp-json\/wp\/v2\/media?parent=15247"}],"wp:term":[{"taxonomy":"product_brand","embeddable":true,"href":"https:\/\/piyola.shop\/uz\/wp-json\/wp\/v2\/product_brand?post=15247"},{"taxonomy":"product_cat","embeddable":true,"href":"https:\/\/piyola.shop\/uz\/wp-json\/wp\/v2\/product_cat?post=15247"},{"taxonomy":"product_tag","embeddable":true,"href":"https:\/\/piyola.shop\/uz\/wp-json\/wp\/v2\/product_tag?post=15247"}],"curies":[{"name":"wp","href":"https:\/\/api.w.org\/{rel}","templated":true}]}}