{"id":15256,"date":"2024-05-22T09:41:21","date_gmt":"2024-05-22T07:41:21","guid":{"rendered":"https:\/\/piyola.shop\/?post_type=product&#038;p=15256"},"modified":"2024-05-22T09:41:21","modified_gmt":"2024-05-22T07:41:21","slug":"soch-niqobi-jingalak-usuli-namlik-370-ml","status":"publish","type":"product","link":"https:\/\/piyola.shop\/uz\/mahsulot\/soch-niqobi-jingalak-usuli-namlik-370-ml\/","title":{"rendered":"Soch niqobi jingalak usuli namlik, 370 ml"},"content":{"rendered":"<p>Sochni namlik bilan to&#8217;ldiruvchi niqob<br \/>\nGialuron kislotasi va shea yog &#8216;kislotalari bilan<br \/>\nNemlendirici<br \/>\nSochning shikastlanishi tiklanadi<br \/>\nGARNIER FRUCTIS kompaniyasining Curl Method Nemlendirici niqobi barcha jingalak turlari uchun ideal. Gialuron kislotasi va shea yog &#8216;kislotalaridan tayyorlangan maxsus namlik kompleksi sochlarga intensiv parvarish beradi va shu bilan birga soch tuzilishini mustahkamlaydi. Soch niqobi, shuningdek, 100 soatgacha namlikni ta&#8217;minlaydi, jingalak sochlarni jonlantiradi va sochlarning shikastlanishini tiklaydi.<\/p>\n<p>\u2116 2 soch niqobini ishlatishdan oldin sochni \u2116 0 oldindan shampun va \u2116 1 shampun bilan yaxshilab yuvish va yaxshilab chayish kerak. Keyin sochlar uchun niqob ikki xil usulda qo&#8217;llanilishi mumkin. 1. Niqob sifatida: Soch niqobini nam uzunliklarga mo&#8217;l-ko&#8217;l surting, muloyimlik bilan massaj qiling va ta&#8217;sir qilishiga ruxsat bering. 2. Qoldirish sifatida: Shu bilan bir qatorda, yuvmasdan nam yoki quruq uchlariga qo&#8217;llang. Keyin sochni parvarish qilish tartibini \u2116 3 sochni parvarish qilish spreyi bilan yakunlang va sochingizni odatdagidek shakllantiring.<\/p>\n<p>INGREDENTLAR: AQUA \/ SUV \u2022 SETEARIL ALKOL \u2022 STEARAMIDOPROPIL DIMETILAMIN \u2022 \u0130ZOPROPIL M\u0130R\u0130STAT \u2022 SETYL ESTERLARI \u2022 HELIANTHUS ANNUUS Urug&#8217;i yog&#8217;i \/ kungaboqar urug&#8217;i \u2022 BUTIROSPERIYUTALUMTERMAT \u2022 ARGININ \u2022 KAPRILIL GL\u0130KOL \u2022 CIT RIC KISLOTA \u2022 TARTAR KISLOTA \u2022 SALISIL KISLOTA \u2022 LINALOOL \u2022 GERANIOL \u2022 METIL 2-OKT\u0130NOAT \u2022 KUMARIN \u2022 LIMONEN \u2022 CITRONELLOL \u2022 BENZIL ALKOLI \u2022 PARFUM \/ XAT (F.I.L. Z70034300\/1).<\/p>","protected":false},"excerpt":{"rendered":"<p>Sochni namlik bilan to&#8217;ldiruvchi niqob Gialuron kislotasi va shea yog&hellip;<\/p>\n<p> <a class=\"more-link\" href=\"https:\/\/piyola.shop\/uz\/mahsulot\/soch-niqobi-jingalak-usuli-namlik-370-ml\/\">Ko&#039;proq o&#039;qish<\/a><\/p>","protected":false},"featured_media":15262,"comment_status":"open","ping_status":"closed","template":"","meta":{"om_disable_all_campaigns":false},"product_brand":[],"product_cat":[224,211],"product_tag":[],"class_list":{"0":"post-15256","1":"product","2":"type-product","3":"status-publish","4":"has-post-thumbnail","6":"product_cat-sochlar-parvarishi","7":"product_cat-sochlar","9":"first","10":"instock","11":"shipping-taxable","12":"purchasable","13":"product-type-simple"},"aioseo_notices":[],"jetpack_sharing_enabled":true,"builder_content":"","_links":{"self":[{"href":"https:\/\/piyola.shop\/uz\/wp-json\/wp\/v2\/product\/15256","targetHints":{"allow":["GET"]}}],"collection":[{"href":"https:\/\/piyola.shop\/uz\/wp-json\/wp\/v2\/product"}],"about":[{"href":"https:\/\/piyola.shop\/uz\/wp-json\/wp\/v2\/types\/product"}],"replies":[{"embeddable":true,"href":"https:\/\/piyola.shop\/uz\/wp-json\/wp\/v2\/comments?post=15256"}],"wp:featuredmedia":[{"embeddable":true,"href":"https:\/\/piyola.shop\/uz\/wp-json\/wp\/v2\/media\/15262"}],"wp:attachment":[{"href":"https:\/\/piyola.shop\/uz\/wp-json\/wp\/v2\/media?parent=15256"}],"wp:term":[{"taxonomy":"product_brand","embeddable":true,"href":"https:\/\/piyola.shop\/uz\/wp-json\/wp\/v2\/product_brand?post=15256"},{"taxonomy":"product_cat","embeddable":true,"href":"https:\/\/piyola.shop\/uz\/wp-json\/wp\/v2\/product_cat?post=15256"},{"taxonomy":"product_tag","embeddable":true,"href":"https:\/\/piyola.shop\/uz\/wp-json\/wp\/v2\/product_tag?post=15256"}],"curies":[{"name":"wp","href":"https:\/\/api.w.org\/{rel}","templated":true}]}}