{"id":15284,"date":"2024-05-22T11:00:13","date_gmt":"2024-05-22T09:00:13","guid":{"rendered":"https:\/\/piyola.shop\/?post_type=product&#038;p=15284"},"modified":"2024-05-22T11:00:13","modified_gmt":"2024-05-22T09:00:13","slug":"issiqlikdan-himoya-qiluvchi-moyli-sprey-oil-nutritive-150-ml","status":"publish","type":"product","link":"https:\/\/piyola.shop\/uz\/mahsulot\/issiqlikdan-himoya-qiluvchi-moyli-sprey-oil-nutritive-150-ml\/","title":{"rendered":"Issiqlikdan himoya qiluvchi moyli sprey Oil Nutritive, 150 ml"},"content":{"rendered":"<p>Issiqlikdan himoya qiluvchi moy<br \/>\nSochni 230 \u00b0 C gacha issiqlikdan himoya qiladi<br \/>\nSezuvchan silliqlik va kuchli porlash uchun<br \/>\nSomonga o&#8217;xshash, shikastlangan sochlarning ehtiyojlariga moslashtirilgan<br \/>\nG&#8217;amxo&#8217;rlik qiladi va oziqlantiradi<br \/>\nSchwarzkopf Gliss tomonidan ishlab chiqarilgan Oil Nutritive Heat Protection Oil Spray fen bilan quritish yoki tekislashdan oldin optimal himoyani ta&#8217;minlaydi. Spreyi quruq sochlarga osongina sepilishi mumkin. Shuningdek, u kuchli porlash va hissiy silliqlikni qoldiradi.<\/p>\n<p>Ko&#8217;zlarga purkamang. Yonuvchan!<\/p>\n<p>Tarkibi: izododekan, kapril\/kaprik triglitserid, dikaprilil karbonat, helianthus annuus (kungaboqar) urug&#8217;i yog&#8217;i, prunus Armeniaca (o&#8217;rik) yadrosi yog&#8217;i, sklerokarya birrea urug&#8217;i yog&#8217;i, parfyum (xushbo&#8217;y), linalool-benz, linaloolp, linaloolp. Spirtli ichimliklar, tokoferol, CI 40800 (beta-karotin)<\/p>\n<p>Optimal issiqlikdan himoya qilish uchun, sochlarini fen bilan quritish va tekislashdan oldin sochiq bilan quritilgan yoki quruq sochlarga p\u00fcsk\u00fcrt\u00fcn. O&#8217;rta uzunliklarga va uchlarga ozgina qo&#8217;llang va quriting. Uni yuvmang! Quyosh nurlaridan himoya qiling. Ko&#8217;zlarga purkamang. Hech qachon nam sochlarga tekislashtiruvchi yoki jingalak dazmolni ishlatmang. Yonuvchan!<\/p>","protected":false},"excerpt":{"rendered":"<p>Issiqlikdan himoya qiluvchi moy Sochni 230 \u00b0 C gacha issiqlikdan&hellip;<\/p>\n<p> <a class=\"more-link\" href=\"https:\/\/piyola.shop\/uz\/mahsulot\/issiqlikdan-himoya-qiluvchi-moyli-sprey-oil-nutritive-150-ml\/\">Ko&#039;proq o&#039;qish<\/a><\/p>","protected":false},"featured_media":15289,"comment_status":"open","ping_status":"closed","template":"","meta":{"om_disable_all_campaigns":false},"product_brand":[],"product_cat":[224],"product_tag":[],"class_list":{"0":"post-15284","1":"product","2":"type-product","3":"status-publish","4":"has-post-thumbnail","6":"product_cat-sochlar-parvarishi","8":"first","9":"instock","10":"shipping-taxable","11":"purchasable","12":"product-type-simple"},"aioseo_notices":[],"jetpack_sharing_enabled":true,"builder_content":"","_links":{"self":[{"href":"https:\/\/piyola.shop\/uz\/wp-json\/wp\/v2\/product\/15284","targetHints":{"allow":["GET"]}}],"collection":[{"href":"https:\/\/piyola.shop\/uz\/wp-json\/wp\/v2\/product"}],"about":[{"href":"https:\/\/piyola.shop\/uz\/wp-json\/wp\/v2\/types\/product"}],"replies":[{"embeddable":true,"href":"https:\/\/piyola.shop\/uz\/wp-json\/wp\/v2\/comments?post=15284"}],"wp:featuredmedia":[{"embeddable":true,"href":"https:\/\/piyola.shop\/uz\/wp-json\/wp\/v2\/media\/15289"}],"wp:attachment":[{"href":"https:\/\/piyola.shop\/uz\/wp-json\/wp\/v2\/media?parent=15284"}],"wp:term":[{"taxonomy":"product_brand","embeddable":true,"href":"https:\/\/piyola.shop\/uz\/wp-json\/wp\/v2\/product_brand?post=15284"},{"taxonomy":"product_cat","embeddable":true,"href":"https:\/\/piyola.shop\/uz\/wp-json\/wp\/v2\/product_cat?post=15284"},{"taxonomy":"product_tag","embeddable":true,"href":"https:\/\/piyola.shop\/uz\/wp-json\/wp\/v2\/product_tag?post=15284"}],"curies":[{"name":"wp","href":"https:\/\/api.w.org\/{rel}","templated":true}]}}