{"id":15290,"date":"2024-05-22T11:02:03","date_gmt":"2024-05-22T09:02:03","guid":{"rendered":"https:\/\/piyola.shop\/?post_type=product&#038;p=15290"},"modified":"2024-05-22T11:02:03","modified_gmt":"2024-05-22T09:02:03","slug":"quruq-shampun-200-ml","status":"publish","type":"product","link":"https:\/\/piyola.shop\/uz\/mahsulot\/quruq-shampun-200-ml\/","title":{"rendered":"Quruq shampun, 200 ml"},"content":{"rendered":"<p>Sof tazelik va hajmli zarba<br \/>\nYog&#8217;ga qarshi ta&#8217;sir<br \/>\nKo&#8217;rinadigan qoldiqsiz (cho&#8217;tkadan keyin)<br \/>\nUzoq sochli qizlar uchun quruq shampun Mona &amp; Julia usta sartaroshlari bilan birgalikda ishlab chiqilgan. U tez yog&#8217;li ildizlarga qarshi optimal ta&#8217;sir ko&#8217;rsatadi, mat ta&#8217;sirga ega va yangilik va hajmli zarba beradi. Bundan tashqari, samarali guruch kraxmal, oziqlantiruvchi pantenol va UV filtri bilan aralashtiriladi. Ishlatishdan oldin sochingizni yaxshilab tarang. Ishlatishdan oldin quruq shampunni yaxshilab silkitib, ildizlarga, qisman, taxminan 20 sm masofada p\u00fcsk\u00fcrt\u00fcn. Nihoyat, yaxshilab massaj qiling va sochni yana tarang.<\/p>\n<p>BUTAN, PROPAN, ALKOL DENAT., ORYZA SATIVA kraxmal, PANTENOL, ETILGEKSIL SALISILAT, SETRIMONIY XLORID, PARFUM.<\/p>\n<p>Sochingizni yaxshilab tarang. Foydalanishdan oldin va ishlatish vaqtida quruq shampunni yaxshilab silkitib, taxminan 5 sm masofada ildizlarga sekin surting. Nihoyat, yaxshilab massaj qiling va sochni yana tarang.<\/p>","protected":false},"excerpt":{"rendered":"<p>Sof tazelik va hajmli zarba Yog&#8217;ga qarshi ta&#8217;sir Ko&#8217;rinadigan qoldiqsiz&hellip;<\/p>\n<p> <a class=\"more-link\" href=\"https:\/\/piyola.shop\/uz\/mahsulot\/quruq-shampun-200-ml\/\">Ko&#039;proq o&#039;qish<\/a><\/p>","protected":false},"featured_media":15291,"comment_status":"open","ping_status":"closed","template":"","meta":{"om_disable_all_campaigns":false},"product_brand":[],"product_cat":[224],"product_tag":[],"class_list":{"0":"post-15290","1":"product","2":"type-product","3":"status-publish","4":"has-post-thumbnail","6":"product_cat-sochlar-parvarishi","8":"first","9":"instock","10":"shipping-taxable","11":"purchasable","12":"product-type-simple"},"aioseo_notices":[],"jetpack_sharing_enabled":true,"builder_content":"","_links":{"self":[{"href":"https:\/\/piyola.shop\/uz\/wp-json\/wp\/v2\/product\/15290","targetHints":{"allow":["GET"]}}],"collection":[{"href":"https:\/\/piyola.shop\/uz\/wp-json\/wp\/v2\/product"}],"about":[{"href":"https:\/\/piyola.shop\/uz\/wp-json\/wp\/v2\/types\/product"}],"replies":[{"embeddable":true,"href":"https:\/\/piyola.shop\/uz\/wp-json\/wp\/v2\/comments?post=15290"}],"wp:featuredmedia":[{"embeddable":true,"href":"https:\/\/piyola.shop\/uz\/wp-json\/wp\/v2\/media\/15291"}],"wp:attachment":[{"href":"https:\/\/piyola.shop\/uz\/wp-json\/wp\/v2\/media?parent=15290"}],"wp:term":[{"taxonomy":"product_brand","embeddable":true,"href":"https:\/\/piyola.shop\/uz\/wp-json\/wp\/v2\/product_brand?post=15290"},{"taxonomy":"product_cat","embeddable":true,"href":"https:\/\/piyola.shop\/uz\/wp-json\/wp\/v2\/product_cat?post=15290"},{"taxonomy":"product_tag","embeddable":true,"href":"https:\/\/piyola.shop\/uz\/wp-json\/wp\/v2\/product_tag?post=15290"}],"curies":[{"name":"wp","href":"https:\/\/api.w.org\/{rel}","templated":true}]}}