{"id":15293,"date":"2024-05-22T11:04:24","date_gmt":"2024-05-22T09:04:24","guid":{"rendered":"https:\/\/piyola.shop\/?post_type=product&#038;p=15293"},"modified":"2024-05-22T11:04:24","modified_gmt":"2024-05-22T09:04:24","slug":"quruq-shampun-batiste-original-200-ml","status":"publish","type":"product","link":"https:\/\/piyola.shop\/uz\/mahsulot\/quruq-shampun-batiste-original-200-ml\/","title":{"rendered":"Quruq shampun Batiste Original, 200 ml"},"content":{"rendered":"<p>Sochni yangilaydi va chidab bo&#8217;lmas hid beradi<br \/>\nSochga qo&#8217;shimcha hajm va tutqich beradi<br \/>\nAjoyib soch turmagi uchun<br \/>\nShunchaki p\u00fcsk\u00fcrt\u00fcn, massaj qiling, cho&#8217;tkasi bilan tarang va uslublang<br \/>\nBatiste Dry Shampoo Original bilan siz yuvish oralig&#8217;ida sochlaringizni suvsiz osongina yangilashingiz mumkin. U nafaqat sochlaringizni yangilaydi va uni ajoyib hidlaydi, balki unga hajm va tutqich beradi, bu sizga ajoyib soch turmagi yaratish imkonini beradi.<\/p>\n<p>DIQQAT: Faqat shamollatiladigan joylarda foydalaning va to&#8217;g&#8217;ridan-to&#8217;g&#8217;ri nafas olmang. Tarkibni qasddan konsentratsiyalash yoki nafas olish orqali noto&#8217;g&#8217;ri foydalanish zararli yoki o&#8217;limga olib kelishi mumkin. Ko&#8217;zlar yaqinida p\u00fcsk\u00fcrtme. Buzilgan yoki tirnash xususiyati beruvchi teriga qo&#8217;llamang. Agar terida \/ bosh terisida toshma yoki tirnash xususiyati paydo bo&#8217;lsa, foydalanishni to&#8217;xtating. Teri\/bosh terisi toshmasi yoki tirnash xususiyati davom etsa, shifokorga murojaat qiling. Faqat ko&#8217;rsatmalarga muvofiq foydalaning. Intim gigiena uchun foydalanmang.<\/p>\n<p>Tarkibi: butan, izobutan, propan, Oryza sativa (guruch) kraxmal, alkogol, denat., parfyum (xushbo&#8217;y), setrimonyum xlorid, distearildimonium xlorid, alfa-izometil ionon, benzil benzoat, benzil salitsilat, lizitral, liniolol.<\/p>\n<p>4 bosqichda ajoyib 1. Sehrni uyg&#8217;otish uchun bankani bir necha soniya silkiting. 2. Sochingizni bo&#8217;laklarga bo&#8217;ling va ildizlarga (30 sm masofadan) p\u00fcsk\u00fcrt\u00fcn. 3. Mahsulotni barmoqlaringiz uchi bilan taqsimlang va boshingizni muloyimlik bilan massaj qiling, shunda ildizlar qoplanishi kafolatlanadi. 4. Ortiqcha sochlarni olib tashlash uchun sochlaringizni ozgina tarang. Va biz boramiz!<\/p>","protected":false},"excerpt":{"rendered":"<p>Sochni yangilaydi va chidab bo&#8217;lmas hid beradi Sochga qo&#8217;shimcha hajm&hellip;<\/p>\n<p> <a class=\"more-link\" href=\"https:\/\/piyola.shop\/uz\/mahsulot\/quruq-shampun-batiste-original-200-ml\/\">Ko&#039;proq o&#039;qish<\/a><\/p>","protected":false},"featured_media":15295,"comment_status":"open","ping_status":"closed","template":"","meta":{"om_disable_all_campaigns":false},"product_brand":[],"product_cat":[224],"product_tag":[],"class_list":{"0":"post-15293","1":"product","2":"type-product","3":"status-publish","4":"has-post-thumbnail","6":"product_cat-sochlar-parvarishi","8":"first","9":"instock","10":"shipping-taxable","11":"purchasable","12":"product-type-simple"},"aioseo_notices":[],"jetpack_sharing_enabled":true,"builder_content":"","_links":{"self":[{"href":"https:\/\/piyola.shop\/uz\/wp-json\/wp\/v2\/product\/15293","targetHints":{"allow":["GET"]}}],"collection":[{"href":"https:\/\/piyola.shop\/uz\/wp-json\/wp\/v2\/product"}],"about":[{"href":"https:\/\/piyola.shop\/uz\/wp-json\/wp\/v2\/types\/product"}],"replies":[{"embeddable":true,"href":"https:\/\/piyola.shop\/uz\/wp-json\/wp\/v2\/comments?post=15293"}],"wp:featuredmedia":[{"embeddable":true,"href":"https:\/\/piyola.shop\/uz\/wp-json\/wp\/v2\/media\/15295"}],"wp:attachment":[{"href":"https:\/\/piyola.shop\/uz\/wp-json\/wp\/v2\/media?parent=15293"}],"wp:term":[{"taxonomy":"product_brand","embeddable":true,"href":"https:\/\/piyola.shop\/uz\/wp-json\/wp\/v2\/product_brand?post=15293"},{"taxonomy":"product_cat","embeddable":true,"href":"https:\/\/piyola.shop\/uz\/wp-json\/wp\/v2\/product_cat?post=15293"},{"taxonomy":"product_tag","embeddable":true,"href":"https:\/\/piyola.shop\/uz\/wp-json\/wp\/v2\/product_tag?post=15293"}],"curies":[{"name":"wp","href":"https:\/\/api.w.org\/{rel}","templated":true}]}}