{"id":15299,"date":"2024-05-22T11:07:34","date_gmt":"2024-05-22T09:07:34","guid":{"rendered":"https:\/\/piyola.shop\/?post_type=product&#038;p=15299"},"modified":"2024-05-22T11:07:34","modified_gmt":"2024-05-22T09:07:34","slug":"quruq-shampun-extra-fresh-200-ml","status":"publish","type":"product","link":"https:\/\/piyola.shop\/uz\/mahsulot\/quruq-shampun-extra-fresh-200-ml\/","title":{"rendered":"Quruq shampun Extra Fresh, 200 ml"},"content":{"rendered":"<p>48 soatgacha tropik hidli soch turmagi uchun<br \/>\nOq qoldiq yo&#8217;q<br \/>\nVegan<br \/>\n50% qayta ishlangan alyuminiydan tayyorlanishi mumkin<br \/>\nSoch chizig&#8217;ini vaqtincha yashirish uchun ham ideal<br \/>\nSchwarzkopf got2b dan Extra Fresh quruq shampun sochingizni hech qanday qoldiq qoldirmasdan tez yuvish jarayonida tozalaydi va yangilaydi. Qanday foydalaniladi: Sochingizni yaxshilab tarang va sochiqni elkangizga qo&#8217;ying. Har bir purkashdan oldin qutini kuchli silkiting. Sochni qismlarga bo&#8217;linib, quruq sochlarga 20 sm masofadan p\u00fcsk\u00fcrt\u00fcn va qisqa vaqt quriting. Barmoqlaringiz yoki sochiq bilan ishlang va shunchaki qoldiqlarni tozalang. Hack: Quruq shampuningizni yangi saqlash uchun har foydalanishdan keyin qopqog&#8217;ini yoping va uni quruq joyda saqlang. Agar purkagich boshi yopishib qolsa, ishlatishdan oldin iliq suv ostida yuving va yaxshilab quriting.<\/p>\n<p>Tarkibi: butan, propan, alkogol denat., Oryza sativa (guruch) kraxmal, izobutan, pentan, parfyum (xushbo&#8217;y), benzil salitsilat, geksil sinnamal, linalool, akva (suv, eau), setrimonyum xlorid, benzitron spirti<\/p>\n<p>Sochingizni yaxshilab tarang va sochiqni elkangizga qo&#8217;ying. Har bir purkashdan oldin qutini kuchli silkiting. Sochni qismlarga bo&#8217;linib, quruq sochlarga 20 sm masofadan p\u00fcsk\u00fcrt\u00fcn va qisqa vaqt quriting. Barmoqlaringiz yoki sochiq bilan ishlang va shunchaki qoldiqlarni tozalang.<\/p>\n<p>Xavfli. Juda tez yonuvchi aerozol. Idish bosim ostida: qizdirilsa yorilib ketishi mumkin. Issiqlik, issiq yuzalar, uchqunlar, ochiq olov va boshqa tutashuv manbalaridan uzoqroq tuting. Chekmang. Ochiq olovga yoki boshqa tutashuv manbasiga p\u00fcsk\u00fcrtmang. Foydalanishdan keyin ham teshmang yoki kuymang. Quyosh nurlaridan himoya qiling. 50 \u00b0 C dan yuqori haroratga ta&#8217;sir qilmang. Bolalar qo&#8217;li etmaydigan joyda saqlang. Yaxshi gazlangan joylarda foydalaning. Qisqacha p\u00fcsk\u00fcrt\u00fcn. Ko&#8217;zlarga purkamang. Qayta ishlash kollektsiyasiga faqat butunlay bo&#8217;sh qutilarni qo&#8217;ying.<\/p>","protected":false},"excerpt":{"rendered":"<p>48 soatgacha tropik hidli soch turmagi uchun Oq qoldiq yo&#8217;q&hellip;<\/p>\n<p> <a class=\"more-link\" href=\"https:\/\/piyola.shop\/uz\/mahsulot\/quruq-shampun-extra-fresh-200-ml\/\">Ko&#039;proq o&#039;qish<\/a><\/p>","protected":false},"featured_media":15300,"comment_status":"open","ping_status":"closed","template":"","meta":{"om_disable_all_campaigns":false},"product_brand":[],"product_cat":[224],"product_tag":[],"class_list":{"0":"post-15299","1":"product","2":"type-product","3":"status-publish","4":"has-post-thumbnail","6":"product_cat-sochlar-parvarishi","8":"first","9":"instock","10":"shipping-taxable","11":"purchasable","12":"product-type-simple"},"aioseo_notices":[],"jetpack_sharing_enabled":true,"builder_content":"","_links":{"self":[{"href":"https:\/\/piyola.shop\/uz\/wp-json\/wp\/v2\/product\/15299","targetHints":{"allow":["GET"]}}],"collection":[{"href":"https:\/\/piyola.shop\/uz\/wp-json\/wp\/v2\/product"}],"about":[{"href":"https:\/\/piyola.shop\/uz\/wp-json\/wp\/v2\/types\/product"}],"replies":[{"embeddable":true,"href":"https:\/\/piyola.shop\/uz\/wp-json\/wp\/v2\/comments?post=15299"}],"wp:featuredmedia":[{"embeddable":true,"href":"https:\/\/piyola.shop\/uz\/wp-json\/wp\/v2\/media\/15300"}],"wp:attachment":[{"href":"https:\/\/piyola.shop\/uz\/wp-json\/wp\/v2\/media?parent=15299"}],"wp:term":[{"taxonomy":"product_brand","embeddable":true,"href":"https:\/\/piyola.shop\/uz\/wp-json\/wp\/v2\/product_brand?post=15299"},{"taxonomy":"product_cat","embeddable":true,"href":"https:\/\/piyola.shop\/uz\/wp-json\/wp\/v2\/product_cat?post=15299"},{"taxonomy":"product_tag","embeddable":true,"href":"https:\/\/piyola.shop\/uz\/wp-json\/wp\/v2\/product_tag?post=15299"}],"curies":[{"name":"wp","href":"https:\/\/api.w.org\/{rel}","templated":true}]}}