{"id":15310,"date":"2024-05-22T11:15:17","date_gmt":"2024-05-22T09:15:17","guid":{"rendered":"https:\/\/piyola.shop\/?post_type=product&#038;p=15310"},"modified":"2024-05-22T11:15:17","modified_gmt":"2024-05-22T09:15:17","slug":"max-hold-soch-spreyi-400-ml","status":"publish","type":"product","link":"https:\/\/piyola.shop\/uz\/mahsulot\/max-hold-soch-spreyi-400-ml\/","title":{"rendered":"Max Hold soch spreyi, 400 ml"},"content":{"rendered":"<p>Max Hold soch spreyi<br \/>\n5-darajali ushlab turing: 48 soatlik mega kuchli ushlab turish<br \/>\nHech qanday noqulaylik va qoldiq yo&#8217;q<br \/>\nUV nurlaridan himoya qilish<br \/>\nSyoss kompaniyasining Max Hold soch spreyi tez quriydi, tarash oson va 48 soatlik uslubni mega-kuchli ushlab turish bilan nazorat qiladi &#8211; yopishmasdan va hech qanday qoldiq qoldirmasdan. Bu sizni og&#8217;irlashtirmaydi va sochni namlik va UV nurlaridan himoya qilishga yordam beradi.<\/p>\n<p>SYOSS stilisti tavsiya qiladi: Quruq sochlarga qo&#8217;llang. Qisqacha p\u00fcsk\u00fcrt\u00fcn. Agar nozul yopishib qolgan bo&#8217;lsa, uni iliq suv bilan tozalang. Tugatish sifatida: 30 sm masofadan p\u00fcsk\u00fcrt\u00fcn. Sochlarning alohida qismlarini shakllantirish uchun: sochlarning ildizlaridan va shaklidagi iplarni p\u00fcsk\u00fcrt\u00fcn.<\/p>\n<p>Dimetil efir*Alkogol denat.*Aqua*Oktilakrilamid\/Akrilatlar\/Butilaminoetilmetakrilat kopolimer*Aminometilpropanol*Parfum*Panthenol*Linalool*Limonen*Benzil spirti*Tsitronellol*Geraniol<\/p>\n<p>Xavfli. Juda tez yonuvchi aerozol. Idish bosim ostida: qizdirilsa yorilib ketishi mumkin. Issiqlik, issiq yuzalar, uchqunlar, ochiq olov va boshqa tutashuv manbalaridan uzoqroq tuting. Chekmang. Ochiq olovga yoki boshqa tutashuv manbasiga p\u00fcsk\u00fcrtmang. Foydalanishdan keyin ham teshmang yoki kuymang. Quyosh nurlaridan himoya qiling. 50 \u00b0 C dan yuqori haroratga ta&#8217;sir qilmang. Bolalar qo&#8217;li etmaydigan joyda saqlang. Ishlatishdan oldin yorliqni o&#8217;qing. Yaxshi gazlangan joylarda foydalaning. Ko&#8217;zlarga purkamang. Qayta ishlash kollektsiyasiga faqat butunlay bo&#8217;sh qutilarni qo&#8217;ying.<\/p>","protected":false},"excerpt":{"rendered":"<p>Max Hold soch spreyi 5-darajali ushlab turing: 48 soatlik mega&hellip;<\/p>\n<p> <a class=\"more-link\" href=\"https:\/\/piyola.shop\/uz\/mahsulot\/max-hold-soch-spreyi-400-ml\/\">Ko&#039;proq o&#039;qish<\/a><\/p>","protected":false},"featured_media":15311,"comment_status":"open","ping_status":"closed","template":"","meta":{"om_disable_all_campaigns":false},"product_brand":[],"product_cat":[225],"product_tag":[],"class_list":{"0":"post-15310","1":"product","2":"type-product","3":"status-publish","4":"has-post-thumbnail","6":"product_cat-spreylar","8":"first","9":"instock","10":"shipping-taxable","11":"purchasable","12":"product-type-simple"},"aioseo_notices":[],"jetpack_sharing_enabled":true,"builder_content":"","_links":{"self":[{"href":"https:\/\/piyola.shop\/uz\/wp-json\/wp\/v2\/product\/15310","targetHints":{"allow":["GET"]}}],"collection":[{"href":"https:\/\/piyola.shop\/uz\/wp-json\/wp\/v2\/product"}],"about":[{"href":"https:\/\/piyola.shop\/uz\/wp-json\/wp\/v2\/types\/product"}],"replies":[{"embeddable":true,"href":"https:\/\/piyola.shop\/uz\/wp-json\/wp\/v2\/comments?post=15310"}],"wp:featuredmedia":[{"embeddable":true,"href":"https:\/\/piyola.shop\/uz\/wp-json\/wp\/v2\/media\/15311"}],"wp:attachment":[{"href":"https:\/\/piyola.shop\/uz\/wp-json\/wp\/v2\/media?parent=15310"}],"wp:term":[{"taxonomy":"product_brand","embeddable":true,"href":"https:\/\/piyola.shop\/uz\/wp-json\/wp\/v2\/product_brand?post=15310"},{"taxonomy":"product_cat","embeddable":true,"href":"https:\/\/piyola.shop\/uz\/wp-json\/wp\/v2\/product_cat?post=15310"},{"taxonomy":"product_tag","embeddable":true,"href":"https:\/\/piyola.shop\/uz\/wp-json\/wp\/v2\/product_tag?post=15310"}],"curies":[{"name":"wp","href":"https:\/\/api.w.org\/{rel}","templated":true}]}}