{"id":15315,"date":"2024-05-22T11:17:04","date_gmt":"2024-05-22T09:17:04","guid":{"rendered":"https:\/\/piyola.shop\/?post_type=product&#038;p=15315"},"modified":"2024-05-22T11:17:04","modified_gmt":"2024-05-22T09:17:04","slug":"soch-uchun-sprey-power-hold-5-250-ml","status":"publish","type":"product","link":"https:\/\/piyola.shop\/uz\/mahsulot\/soch-uchun-sprey-power-hold-5-250-ml\/","title":{"rendered":"Soch uchun sprey POWER Hold 5, 250 ml"},"content":{"rendered":"<p>Quruq va shikastlangan sochlar uchun kashmirga o&#8217;xshash elastiklik<br \/>\nTutish darajasi 5: yopishmasdan 24 soatgacha ushlab turadi<br \/>\nSochni quritishdan himoya qilishga yordam beradi<br \/>\nTozalash oson<br \/>\nQoldiqsiz, sizni og&#8217;irlashtirmasdan<br \/>\nTaft Power Hairspray Hold 5 kashmirga o&#8217;xshash egiluvchanlikni ta&#8217;minlaydi. Innovatsion Taft Power formulasi, ayniqsa, quruq va shikastlangan sochlarga nozik kashmirga o&#8217;xshash tuyg&#8217;u beradi. 24 soatgacha yopishmasdan yoki qoldiq qoldirmasdan ushlab turadi. Shu bilan birga, uni tozalash oson. Soch uchun lak sochni og&#8217;irlashtirmasdan quritishdan himoya qiladi. U nam va shamolli sharoitlarda ham uslubni mustahkam ushlab turish imkonini beradi. Taft soch laklari vegan formulalaridan foydalanadi va hayvonlarning tarkibiy qismlaridan xoli.<\/p>\n<p>30 sm masofadan p\u00fcsk\u00fcrt\u00fcn.<\/p>","protected":false},"excerpt":{"rendered":"<p>Quruq va shikastlangan sochlar uchun kashmirga o&#8217;xshash elastiklik Tutish darajasi&hellip;<\/p>\n<p> <a class=\"more-link\" href=\"https:\/\/piyola.shop\/uz\/mahsulot\/soch-uchun-sprey-power-hold-5-250-ml\/\">Ko&#039;proq o&#039;qish<\/a><\/p>","protected":false},"featured_media":15316,"comment_status":"open","ping_status":"closed","template":"","meta":{"om_disable_all_campaigns":false},"product_brand":[],"product_cat":[225],"product_tag":[],"class_list":{"0":"post-15315","1":"product","2":"type-product","3":"status-publish","4":"has-post-thumbnail","6":"product_cat-spreylar","8":"first","9":"instock","10":"shipping-taxable","11":"purchasable","12":"product-type-simple"},"aioseo_notices":[],"jetpack_sharing_enabled":true,"builder_content":"","_links":{"self":[{"href":"https:\/\/piyola.shop\/uz\/wp-json\/wp\/v2\/product\/15315","targetHints":{"allow":["GET"]}}],"collection":[{"href":"https:\/\/piyola.shop\/uz\/wp-json\/wp\/v2\/product"}],"about":[{"href":"https:\/\/piyola.shop\/uz\/wp-json\/wp\/v2\/types\/product"}],"replies":[{"embeddable":true,"href":"https:\/\/piyola.shop\/uz\/wp-json\/wp\/v2\/comments?post=15315"}],"wp:featuredmedia":[{"embeddable":true,"href":"https:\/\/piyola.shop\/uz\/wp-json\/wp\/v2\/media\/15316"}],"wp:attachment":[{"href":"https:\/\/piyola.shop\/uz\/wp-json\/wp\/v2\/media?parent=15315"}],"wp:term":[{"taxonomy":"product_brand","embeddable":true,"href":"https:\/\/piyola.shop\/uz\/wp-json\/wp\/v2\/product_brand?post=15315"},{"taxonomy":"product_cat","embeddable":true,"href":"https:\/\/piyola.shop\/uz\/wp-json\/wp\/v2\/product_cat?post=15315"},{"taxonomy":"product_tag","embeddable":true,"href":"https:\/\/piyola.shop\/uz\/wp-json\/wp\/v2\/product_tag?post=15315"}],"curies":[{"name":"wp","href":"https:\/\/api.w.org\/{rel}","templated":true}]}}