{"id":15320,"date":"2024-05-22T11:19:35","date_gmt":"2024-05-22T09:19:35","guid":{"rendered":"https:\/\/piyola.shop\/?post_type=product&#038;p=15320"},"modified":"2024-05-22T11:19:35","modified_gmt":"2024-05-22T09:19:35","slug":"soz-soch-uchun-lak-silikon-va-parfyumsiz-250-ml","status":"publish","type":"product","link":"https:\/\/piyola.shop\/uz\/mahsulot\/soz-soch-uchun-lak-silikon-va-parfyumsiz-250-ml\/","title":{"rendered":"SOZ soch uchun lak, silikon va parfyumsiz, 250 ml"},"content":{"rendered":"<p>Silikonlar, parfyumeriya va qoldiqlarsiz<br \/>\n4-darajani ushlab turing: yopishmasdan uzoq muddatli<br \/>\nSoch turmagini namlik va shamoldan himoya qilishga yordam beradi. Dermatologik sinovdan o&#8217;tgan<br \/>\nHaptIQ tizimi bilan<br \/>\nTozalash oson<br \/>\nSchwarzkopf taftidan olingan PURE sochlar uchun lak Halt 4 silikon va parfyumeriyasiz. Taft Pure-ning innovatsion formulasi dermatologik sinovdan o&#8217;tgan va yopishib qolmasdan yoki qoldiq qoldirmasdan uzoq muddatli ushlab turish imkonini beradi. Sochni og&#8217;irlashtirmasdan osongina tarash mumkin. Shuningdek, u soch tuzilishini ichkaridan mustahkamlovchi HaptIQ tizimini ham o&#8217;z ichiga oladi. U nam va shamolli sharoitlarda ham uslubni ishonchli ushlab turish imkonini beradi. Taft soch laklari vegan formulalaridan foydalanadi va hayvonlarning tarkibiy qismlaridan xoli.<\/p>\n<p>30 sm masofadan p\u00fcsk\u00fcrt\u00fcn.<\/p>","protected":false},"excerpt":{"rendered":"<p>Silikonlar, parfyumeriya va qoldiqlarsiz 4-darajani ushlab turing: yopishmasdan uzoq muddatli&hellip;<\/p>\n<p> <a class=\"more-link\" href=\"https:\/\/piyola.shop\/uz\/mahsulot\/soz-soch-uchun-lak-silikon-va-parfyumsiz-250-ml\/\">Ko&#039;proq o&#039;qish<\/a><\/p>","protected":false},"featured_media":15322,"comment_status":"open","ping_status":"closed","template":"","meta":{"om_disable_all_campaigns":false},"product_brand":[],"product_cat":[225],"product_tag":[],"class_list":{"0":"post-15320","1":"product","2":"type-product","3":"status-publish","4":"has-post-thumbnail","6":"product_cat-spreylar","8":"first","9":"instock","10":"shipping-taxable","11":"purchasable","12":"product-type-simple"},"aioseo_notices":[],"jetpack_sharing_enabled":true,"builder_content":"","_links":{"self":[{"href":"https:\/\/piyola.shop\/uz\/wp-json\/wp\/v2\/product\/15320","targetHints":{"allow":["GET"]}}],"collection":[{"href":"https:\/\/piyola.shop\/uz\/wp-json\/wp\/v2\/product"}],"about":[{"href":"https:\/\/piyola.shop\/uz\/wp-json\/wp\/v2\/types\/product"}],"replies":[{"embeddable":true,"href":"https:\/\/piyola.shop\/uz\/wp-json\/wp\/v2\/comments?post=15320"}],"wp:featuredmedia":[{"embeddable":true,"href":"https:\/\/piyola.shop\/uz\/wp-json\/wp\/v2\/media\/15322"}],"wp:attachment":[{"href":"https:\/\/piyola.shop\/uz\/wp-json\/wp\/v2\/media?parent=15320"}],"wp:term":[{"taxonomy":"product_brand","embeddable":true,"href":"https:\/\/piyola.shop\/uz\/wp-json\/wp\/v2\/product_brand?post=15320"},{"taxonomy":"product_cat","embeddable":true,"href":"https:\/\/piyola.shop\/uz\/wp-json\/wp\/v2\/product_cat?post=15320"},{"taxonomy":"product_tag","embeddable":true,"href":"https:\/\/piyola.shop\/uz\/wp-json\/wp\/v2\/product_tag?post=15320"}],"curies":[{"name":"wp","href":"https:\/\/api.w.org\/{rel}","templated":true}]}}