{"id":15372,"date":"2024-05-22T15:59:28","date_gmt":"2024-05-22T13:59:28","guid":{"rendered":"https:\/\/piyola.shop\/?post_type=product&#038;p=15372"},"modified":"2024-05-22T15:59:29","modified_gmt":"2024-05-22T13:59:29","slug":"leave-in-spray-diamond-glass-locken-180-ml","status":"publish","type":"product","link":"https:\/\/piyola.shop\/uz\/mahsulot\/leave-in-spray-diamond-glass-locken-180-ml\/","title":{"rendered":"Leave-In Spray Diamond Glass Locken, 180 ml"},"content":{"rendered":"<p>Erkinlikka qarshi muhrlash<br \/>\nTa&#8217;rif va sakrash uchun<br \/>\nIssiqlik bilan ishlaydigan polimerlar bilan<br \/>\nNamlik namligi<br \/>\nAyniqsa jingalak sochlar uchun<br \/>\nNeQi bilan shug&#8217;ullanish Tekshiruv, diamikli shisha jingalak sochlar, klassik jinlar va spirtli spirallarning ta&#8217;rifi va sakrashi beradigan sof sochlar uchun maxsus ishlab chiqilgan purkash. Bu aql bovar qilmaydigan porlashini ta&#8217;minlaydi va kuchli polimerlar va eksklyuziv, ekzotik o&#8217;simlik ekstraktlariga asoslanadi. Sprayni shakllantirish kuchli namlikni himoya qilish uchun sochlarni muhrlaydi va sochlarini quruqlikdan saqlaydi.<\/p>\n<p>Sochiq bilan quritligandan s\u00f6ng. Sochlarni saxiy va bir tekis p\u00fcsk\u00fcrt\u00fcl\u00fc. U havoga quritilsin yoki diffuzer bilan quriting. Mukammal, yaltiroq sochlar uchun eng yuqori namlikni himoya qilish uchun iliqlik shart emas.<\/p>","protected":false},"excerpt":{"rendered":"<p>Erkinlikka qarshi muhrlash Ta&#8217;rif va sakrash uchun Issiqlik bilan ishlaydigan&hellip;<\/p>\n<p> <a class=\"more-link\" href=\"https:\/\/piyola.shop\/uz\/mahsulot\/leave-in-spray-diamond-glass-locken-180-ml\/\">Ko&#039;proq o&#039;qish<\/a><\/p>","protected":false},"featured_media":15373,"comment_status":"open","ping_status":"closed","template":"","meta":{"om_disable_all_campaigns":false},"product_brand":[],"product_cat":[225],"product_tag":[],"class_list":{"0":"post-15372","1":"product","2":"type-product","3":"status-publish","4":"has-post-thumbnail","6":"product_cat-spreylar","8":"first","9":"instock","10":"shipping-taxable","11":"purchasable","12":"product-type-simple"},"aioseo_notices":[],"jetpack_sharing_enabled":true,"builder_content":"","_links":{"self":[{"href":"https:\/\/piyola.shop\/uz\/wp-json\/wp\/v2\/product\/15372","targetHints":{"allow":["GET"]}}],"collection":[{"href":"https:\/\/piyola.shop\/uz\/wp-json\/wp\/v2\/product"}],"about":[{"href":"https:\/\/piyola.shop\/uz\/wp-json\/wp\/v2\/types\/product"}],"replies":[{"embeddable":true,"href":"https:\/\/piyola.shop\/uz\/wp-json\/wp\/v2\/comments?post=15372"}],"wp:featuredmedia":[{"embeddable":true,"href":"https:\/\/piyola.shop\/uz\/wp-json\/wp\/v2\/media\/15373"}],"wp:attachment":[{"href":"https:\/\/piyola.shop\/uz\/wp-json\/wp\/v2\/media?parent=15372"}],"wp:term":[{"taxonomy":"product_brand","embeddable":true,"href":"https:\/\/piyola.shop\/uz\/wp-json\/wp\/v2\/product_brand?post=15372"},{"taxonomy":"product_cat","embeddable":true,"href":"https:\/\/piyola.shop\/uz\/wp-json\/wp\/v2\/product_cat?post=15372"},{"taxonomy":"product_tag","embeddable":true,"href":"https:\/\/piyola.shop\/uz\/wp-json\/wp\/v2\/product_tag?post=15372"}],"curies":[{"name":"wp","href":"https:\/\/api.w.org\/{rel}","templated":true}]}}