{"id":15499,"date":"2024-05-22T21:31:25","date_gmt":"2024-05-22T19:31:25","guid":{"rendered":"https:\/\/piyola.shop\/?post_type=product&#038;p=15499"},"modified":"2024-05-22T21:31:25","modified_gmt":"2024-05-22T19:31:25","slug":"kirpiklar-uchun-primer-lash-sensational-sky-high-tinted-77-ml","status":"publish","type":"product","link":"https:\/\/piyola.shop\/uz\/mahsulot\/kirpiklar-uchun-primer-lash-sensational-sky-high-tinted-77-ml\/","title":{"rendered":"Kirpiklar uchun primer Lash Sensational Sky High Tinted, 7,7 ml"},"content":{"rendered":"<p>Seramid va provitamin B5 bilan<br \/>\nOziqlantiruvchi qora rangli formula<br \/>\nTo&#8217;q rangli maskara uchun optimal asos<br \/>\nSky High Mascara bilan yanada yaxshi natijaga erishish uchun ideal muvofiqlashtirilgan baza<br \/>\nMashhur Tower Flex cho&#8217;tkasi bilan<br \/>\nOziqlantiruvchi va ranglangan Sky High Tinted Primer kirpiklarni haddan tashqari uzunlik va undan ham katta hajmda beradi. U Sky High Mascara effektini kuchaytiradi, kirpiklar uchun ekstremal uzunlik va 1,5 barobargacha hajm beradi. Bu Sky High Very Black Mascara-dan faqat primersiz foydalanish bilan solishtirganda 30 ishtirokchi ishtirokidagi instrumental test natijasi edi. Keramidalar va provitamin B5 bo&#8217;lgan primer kirpiklar uchun oziqlantiruvchi asos bo&#8217;lib xizmat qiladi. Qora rangga bo&#8217;yalgan formulasi kirpiklarni og&#8217;irlashtirmasdan engil o&#8217;tiradi. Bu erda innovatsion Tower Flex cho&#8217;tkasi ham qo&#8217;llaniladi.<\/p>\n<p>Astar cho&#8217;tkasini kirpiklar tagiga qo&#8217;ying va uni engil zigzag harakatlarida uchlarigacha torting. Uni qisqa vaqt quriting va keyin Sky High Mascara bilan takrorlang. Tower Flex cho&#8217;tkasi har bir kirpikni ildizdan uchlarigacha formula bilan qoplashi va ularni vizual ravishda uzaytirishi mumkin. Natijada juda uzun va hajmli kirpiklar paydo bo&#8217;ladi. Uni olib tashlash uchun barcha qoldiqlarni iloji boricha muloyimlik bilan olib tashlash uchun qattiq ishqalamasdan suv o&#8217;tkazmaydigan bo&#8217;yanish uchun ko&#8217;z bo&#8217;yanish tozalash vositasidan foydalaning.<\/p>\n<p>INGREDENTLAR: AQUA \/ SUV \u2022 POL\u0130BUTEN \u2022 PARAFIN \u2022 KATSIY SETYLFOSFAT \u2022 CERA ALBA \/ ASAL mumi \u2022 COPERNICIA CERIFERA CERA \/ CARNAUBA mumi \u2022 Stearet-2 \u2022 SEtil alkogol \u2022 alkogol. \u2022 FENOKS\u0130ETANOL \u2022 GIDROKS\u0130ETIL tsellyuloza \u2022 AKASIYA SENEGAL saqich \u2022 PANTENOL \u2022 ET\u0130LENDIAMIN\/STEARIL DIMER DILINOLEAT KOPOLIMER \u2022 KAPRILIL GL\u0130KOL \u2022 HIDROGENATLANGAN JOJOBADOILDOILD2 \u2022 \u2022OJOBADOILAD2- -OKTADEKANEDIOL \u2022 PINK BO&#8217;LGAN MEVVA YO\u011eI \u2022 PENTAER\u0130TR\u0130T\u0130L TETRA-DI -T -BUTIL GIDROKS\u0130DROSINNAMAT \u2022 BHT \u2022 PROPILEN GL\u0130KOL \u2022 PROPIL GALLAT \u2022 LITRON KISLOTA \u25cf [+\/- MUMKIN: CI 77491, CI 77492, CI 77499 \/ TEMIR OKS\u0130DLERI \u2022NI1CIO79 \u2022 CI 77742 \/ MArganets]. (F.I.L. Z70014508\/5).<\/p>","protected":false},"excerpt":{"rendered":"<p>Seramid va provitamin B5 bilan Oziqlantiruvchi qora rangli formula To&#8217;q&hellip;<\/p>\n<p> <a class=\"more-link\" href=\"https:\/\/piyola.shop\/uz\/mahsulot\/kirpiklar-uchun-primer-lash-sensational-sky-high-tinted-77-ml\/\">Ko&#039;proq o&#039;qish<\/a><\/p>","protected":false},"featured_media":15500,"comment_status":"open","ping_status":"closed","template":"","meta":{"om_disable_all_campaigns":false},"product_brand":[],"product_cat":[235],"product_tag":[],"class_list":{"0":"post-15499","1":"product","2":"type-product","3":"status-publish","4":"has-post-thumbnail","6":"product_cat-kozlar","8":"first","9":"instock","10":"shipping-taxable","11":"purchasable","12":"product-type-simple"},"aioseo_notices":[],"jetpack_sharing_enabled":true,"builder_content":"","_links":{"self":[{"href":"https:\/\/piyola.shop\/uz\/wp-json\/wp\/v2\/product\/15499","targetHints":{"allow":["GET"]}}],"collection":[{"href":"https:\/\/piyola.shop\/uz\/wp-json\/wp\/v2\/product"}],"about":[{"href":"https:\/\/piyola.shop\/uz\/wp-json\/wp\/v2\/types\/product"}],"replies":[{"embeddable":true,"href":"https:\/\/piyola.shop\/uz\/wp-json\/wp\/v2\/comments?post=15499"}],"wp:featuredmedia":[{"embeddable":true,"href":"https:\/\/piyola.shop\/uz\/wp-json\/wp\/v2\/media\/15500"}],"wp:attachment":[{"href":"https:\/\/piyola.shop\/uz\/wp-json\/wp\/v2\/media?parent=15499"}],"wp:term":[{"taxonomy":"product_brand","embeddable":true,"href":"https:\/\/piyola.shop\/uz\/wp-json\/wp\/v2\/product_brand?post=15499"},{"taxonomy":"product_cat","embeddable":true,"href":"https:\/\/piyola.shop\/uz\/wp-json\/wp\/v2\/product_cat?post=15499"},{"taxonomy":"product_tag","embeddable":true,"href":"https:\/\/piyola.shop\/uz\/wp-json\/wp\/v2\/product_tag?post=15499"}],"curies":[{"name":"wp","href":"https:\/\/api.w.org\/{rel}","templated":true}]}}