{"id":16090,"date":"2024-05-23T16:51:18","date_gmt":"2024-05-23T14:51:18","guid":{"rendered":"https:\/\/piyola.shop\/?post_type=product&#038;p=16090"},"modified":"2026-02-11T11:20:48","modified_gmt":"2026-02-11T10:20:48","slug":"yulduzlar-curler-1-st","status":"publish","type":"product","link":"https:\/\/piyola.shop\/uz\/mahsulot\/yulduzlar-curler-1-st\/","title":{"rendered":"Yulduzlar Curler, 1 st"},"content":{"rendered":"<p>Egri kirpiklar uchun<br \/>\nIkki harorat sozlamalari<br \/>\nBarcha kirpiklar turlari uchun mos<br \/>\nShakli va mahkamlangan<br \/>\nKalisidan olingan k\u0131vler tog &#8216;k\u00fcrt\u00fcll\u00fcln\u00fcn, kun bo&#8217;yi egri kirpiklar beradi. Ikki yumshoq harorat sozlamalari yordamida, kirpiklar shakllanadi va uning ustiga o&#8217;rnatiladi. Yulduzli k\u0131vler har bir kirpik turiga mos keladi va vaqt o&#8217;tmay egilmasdan egri kirpiklarni, egri yoki qisib qo&#8217;ymasdan.<\/p>\n<p><iframe title=\"This tool makes your eyelashes long and lifted all day! #lashhack #makeup #lashes #eyelashcurler\" width=\"800\" height=\"450\" src=\"https:\/\/www.youtube.com\/embed\/pCHGYqcg2Fw?feature=oembed\" frameborder=\"0\" allow=\"accelerometer; autoplay; clipboard-write; encrypted-media; gyroscope; picture-in-picture; web-share\" referrerpolicy=\"strict-origin-when-cross-origin\" allowfullscreen><\/iframe><\/p>","protected":false},"excerpt":{"rendered":"<p>Egri kirpiklar uchun Ikki harorat sozlamalari Barcha kirpiklar turlari uchun&hellip;<\/p>\n<p> <a class=\"more-link\" href=\"https:\/\/piyola.shop\/uz\/mahsulot\/yulduzlar-curler-1-st\/\">Ko&#039;proq o&#039;qish<\/a><\/p>","protected":false},"featured_media":16091,"comment_status":"open","ping_status":"closed","template":"","meta":{"om_disable_all_campaigns":false},"product_brand":[],"product_cat":[204],"product_tag":[],"class_list":{"0":"post-16090","1":"product","2":"type-product","3":"status-publish","4":"has-post-thumbnail","6":"product_cat-qoshimchalar","8":"first","9":"instock","10":"shipping-taxable","11":"purchasable","12":"product-type-simple"},"aioseo_notices":[],"jetpack_sharing_enabled":true,"builder_content":"","_links":{"self":[{"href":"https:\/\/piyola.shop\/uz\/wp-json\/wp\/v2\/product\/16090","targetHints":{"allow":["GET"]}}],"collection":[{"href":"https:\/\/piyola.shop\/uz\/wp-json\/wp\/v2\/product"}],"about":[{"href":"https:\/\/piyola.shop\/uz\/wp-json\/wp\/v2\/types\/product"}],"replies":[{"embeddable":true,"href":"https:\/\/piyola.shop\/uz\/wp-json\/wp\/v2\/comments?post=16090"}],"wp:featuredmedia":[{"embeddable":true,"href":"https:\/\/piyola.shop\/uz\/wp-json\/wp\/v2\/media\/16091"}],"wp:attachment":[{"href":"https:\/\/piyola.shop\/uz\/wp-json\/wp\/v2\/media?parent=16090"}],"wp:term":[{"taxonomy":"product_brand","embeddable":true,"href":"https:\/\/piyola.shop\/uz\/wp-json\/wp\/v2\/product_brand?post=16090"},{"taxonomy":"product_cat","embeddable":true,"href":"https:\/\/piyola.shop\/uz\/wp-json\/wp\/v2\/product_cat?post=16090"},{"taxonomy":"product_tag","embeddable":true,"href":"https:\/\/piyola.shop\/uz\/wp-json\/wp\/v2\/product_tag?post=16090"}],"curies":[{"name":"wp","href":"https:\/\/api.w.org\/{rel}","templated":true}]}}